{"id":792,"date":"2018-03-08T14:59:57","date_gmt":"2018-03-08T14:59:57","guid":{"rendered":"http:\/\/www.rotermundfilm.de\/?page_id=792"},"modified":"2024-03-28T12:33:54","modified_gmt":"2024-03-28T12:33:54","slug":"die-alsterdorfer-passion","status":"publish","type":"page","link":"https:\/\/www.rotermundfilm.de\/?page_id=792","title":{"rendered":"Die Alsterdorfer Passion"},"content":{"rendered":"<h2 style=\"text-align: center;\"><b>\u201eDie Alsterdorfer Passion\u201c<br \/>\n<\/b>Die Alsterdorfer Anstalten 1945-1979<br \/>\nein Film von<br \/>\nBertram Rotermund und Rudolf Simon.<\/h2>\n<p style=\"text-align: center;\">L\u00e4nge: 58 Minuten<\/p>\n<p>\u00a0 \u00a0 \u00a0 \u00a0 \u00a0 \u00a0 \u00a0 \u00a0 <iframe loading=\"lazy\" src=\"https:\/\/www.youtube.com\/embed\/aUwi25eO6B8?rel=0\" width=\"560\" height=\"315\" frameborder=\"0\" allowfullscreen=\"allowfullscreen\"><\/iframe><\/p>\n<p style=\"text-align: center;\">Ausgehend von den Euthanasieverbrechen im Nationalsozialismus \u2013 mehr als 600 behinderte Bewohner wurden willf\u00e4hrig von den Verantwortlichen in die T\u00f6tungsanstalten der Nazis deportiert \u2013 \u00a0zeichnet der Film die Geschichte der Alsterdorfer Anstalten bis in die 80iger Jahre nach.<\/p>\n<p style=\"text-align: center;\">Sie wird erz\u00e4hlt \u00fcber die Berichte aus dieser Zeit von noch lebenden ehemaligen Bewohnern und Mitarbeitern. Photos, Dokumente und historische Filmaufnahmen lassen die Atmosph\u00e4re und den Geist der damaligen Zeit im Film wieder sichtbar werden.<\/p>\n<p style=\"text-align: center;\">Auch nach Kriegsende \u00e4nderte sich f\u00fcr die Bewohner der Alsterdorfer Anstalten lange Zeit wenig. Zwar mussten die leitenden Personen gehen &#8211; zur Rechenschaft gezogen und bestraft wurde keiner von ihnen &#8211; , aber das gesamte Personal (95% der Mitarbeiter waren ehemalige Parteigenossen, Mitglieder der SA oder anderer Gliederungen der Partei) blieb und mit ihnen die Massenquartiere, kollektive Hygieneverrichtungen, Aufhebung jeglicher Intimsph\u00e4re dazu auch Formen direkter Gewalt wie Essenentzug, Schl\u00e4ge, Strafestehen, Strafliegen, Fixierungen, Zwangskleidung und Einsperren.<\/p>\n<p style=\"text-align: center;\">Erst als Ende der 70iger Jahre j\u00fcngere Mitarbeiter und Zivildienstleistende die menschenunw\u00fcrdigen Zust\u00e4nde anprangerten und damit in die \u00d6ffentlichkeit gingen, setzte allm\u00e4hlich ein Paradigmenwechsel ein.<\/p>\n<p style=\"text-align: center;\">Es entstanden neue Konzepte in der Behindertenhilfe. Im Zentrum steht nun der Mensch mit Behinderung, der mit weitest gehender Selbstst\u00e4ndigkeit sein Leben mit professioneller Unterst\u00fctzung planen und entwickeln soll.<\/p>\n<p style=\"text-align: center;\">Heute ist Alsterdorf ein diakonisches Dienstleistungsunternehmen mit zahlreichen Angeboten f\u00fcr Behinderte und Nichtbehinderte. Auf dem Gel\u00e4nde der ehemaligen Alsterdorfer Anstalten befindet sich heute ein offenes Stadtteilzentrum.<\/p>\n<p style=\"text-align: center;\">Produktion:<br \/>\nRotermund Filmproduktion<br \/>\nzusammen mit der<br \/>\nEvangelischen Stiftung Alsterdorf<\/p>\n<p style=\"text-align: center;\">Der Film wurde gef\u00f6rdert<br \/>\nvon der Landeszentrale f\u00fcr politische Bildung Hamburg<\/p>\n<p style=\"text-align: center;\">\u00a9 2018<\/p>\n<h2 style=\"text-align: center;\"><strong>Kritiken<\/strong><\/h2>\n<p style=\"text-align: center;\"><a href=\"http:\/\/www.rotermundfilm.de\/wp-content\/uploads\/2018\/05\/Alsterdorfer-Passion-Psychiatrienetz.pdf\">Zeitschrift &#8222;Soziale Psychiatrie&#8220;<\/a><\/p>\n<p style=\"text-align: center;\"><a href=\"http:\/\/www.rotermundfilm.de\/wp-content\/uploads\/2018\/05\/eppend-mai.pdf\">&#8222;Eppendorfer&#8220; Zeitschrift f\u00fcr Psychiatrie<\/a><\/p>\n<p>Eine DVD oder ein Download des Films kann \u00fcber das Kontaktformular<br \/>\noder \u00fcber info(at)rotermundfilm.de\u00a0bestellt werden.<\/p>\n<p>Die Kosten betragen:<br \/>\n\u201eNur f\u00fcr den privaten Gebrauch\u201c:<br \/>\n25 Euro &amp; 3 Euro Versand (inklusive MWSt)<\/p>\n<p>\u201eMit dem Recht auf \u00f6ffentliche Vorf\u00fchrung\u201c<br \/>\n50 Euro &amp; 3 Euro Versand (inklusive MWSt)<\/p>\n<p>Kommentar zu &#8222;Die Alsterdorfer Passion&#8220;<\/p>\n<div>Einfach \u00a0hinrei\u00dfend, Deine sensiblen, so unglaublich gut recherchierten Filme. VIELEN, Dank und Hochachtung f\u00fcr diesen der erlebten individuellen Wahrheit verpflichteten Blick. Sehr besonders.<\/div>\n<div>Hier begegneten mir Bilder und Fakten zu den Erz\u00e4hlungen meines 1958 geborenen \u201escheppen\u201c Neffen, der seine Jugend in Alsterdorf verbrachte. Keiner glaubte ihm, alle dachten, das habe er sich ausgedacht.<\/p>\n<div><\/div>\n<div>In deinem Film sind alle seine Traumata\/Themen: die Z\u00e4une, die Pforte, die schlimmen Mauern zu den Frauen, die sadistischen Strafen\u2026 besonders bei Bettn\u00e4ssen uswusw\u2026 beim Schreiben kommen mir die Tr\u00e4nen &#8211; und wie gut die Bewohner artikulieren, man muss nur zuh\u00f6ren und zulassen \u00a0k\u00f6nnen, genau hinh\u00f6ren, bei dem, was sie zu sagen haben. Und genau das ist Dir\/Euch gelungen. Hammer. Also diesen Film w\u00fcrde ich gerne \u201ehaben\u201c, um ihn an meine Tochter und den rechtlichen Betreuer meines Neffen weiterzuleiten.<\/div>\n<div><\/div>\n<div>Viele Gr\u00fc\u00dfe<\/div>\n<div>Ines<\/div>\n<\/div>\n","protected":false},"excerpt":{"rendered":"<p>\u201eDie Alsterdorfer Passion\u201c Die Alsterdorfer Anstalten 1945-1979 ein Film von Bertram Rotermund und Rudolf Simon. L\u00e4nge: 58 Minuten \u00a0 \u00a0 \u00a0 \u00a0 \u00a0 \u00a0 \u00a0 \u00a0 Ausgehend von den Euthanasieverbrechen im Nationalsozialismus \u2013 mehr als 600 behinderte Bewohner wurden willf\u00e4hrig von den Verantwortlichen in die T\u00f6tungsanstalten der Nazis deportiert \u2013 \u00a0zeichnet der Film die Geschichte&#8230;<\/p>\n","protected":false},"author":1,"featured_media":0,"parent":0,"menu_order":0,"comment_status":"closed","ping_status":"closed","template":"","meta":[],"_links":{"self":[{"href":"https:\/\/www.rotermundfilm.de\/index.php?rest_route=\/wp\/v2\/pages\/792"}],"collection":[{"href":"https:\/\/www.rotermundfilm.de\/index.php?rest_route=\/wp\/v2\/pages"}],"about":[{"href":"https:\/\/www.rotermundfilm.de\/index.php?rest_route=\/wp\/v2\/types\/page"}],"author":[{"embeddable":true,"href":"https:\/\/www.rotermundfilm.de\/index.php?rest_route=\/wp\/v2\/users\/1"}],"replies":[{"embeddable":true,"href":"https:\/\/www.rotermundfilm.de\/index.php?rest_route=%2Fwp%2Fv2%2Fcomments&post=792"}],"version-history":[{"count":19,"href":"https:\/\/www.rotermundfilm.de\/index.php?rest_route=\/wp\/v2\/pages\/792\/revisions"}],"predecessor-version":[{"id":1129,"href":"https:\/\/www.rotermundfilm.de\/index.php?rest_route=\/wp\/v2\/pages\/792\/revisions\/1129"}],"wp:attachment":[{"href":"https:\/\/www.rotermundfilm.de\/index.php?rest_route=%2Fwp%2Fv2%2Fmedia&parent=792"}],"curies":[{"name":"wp","href":"https:\/\/api.w.org\/{rel}","templated":true}]}}