{"id":688,"date":"2017-05-17T12:18:32","date_gmt":"2017-05-17T12:18:32","guid":{"rendered":"http:\/\/www.rotermundfilm.de\/?page_id=688"},"modified":"2017-05-18T07:21:37","modified_gmt":"2017-05-18T07:21:37","slug":"alte-hoffnung-ewig-jung","status":"publish","type":"page","link":"https:\/\/www.rotermundfilm.de\/?page_id=688","title":{"rendered":"Alte Hoffnung &#8211; ewig jung"},"content":{"rendered":"<h5><strong>Alte Hoffnung &#8211; ewig jung \u00a0<\/strong>(1994, 90 min)<br \/>\nEin Film von Bertram Rotermund und Oliver Tolmein<br \/>\nNDR &#8211; Prisma<\/h5>\n<h3 class=\"bodytext\"><img decoding=\"async\" loading=\"lazy\" class=\"alignleft size-full wp-image-728\" src=\"http:\/\/www.rotermundfilm.de\/wp-content\/uploads\/2017\/05\/video_hoffnung1.jpg\" alt=\"\" width=\"369\" height=\"265\" srcset=\"https:\/\/www.rotermundfilm.de\/wp-content\/uploads\/2017\/05\/video_hoffnung1.jpg 369w, https:\/\/www.rotermundfilm.de\/wp-content\/uploads\/2017\/05\/video_hoffnung1-300x215.jpg 300w\" sizes=\"(max-width: 369px) 100vw, 369px\" \/><\/h3>\n<h3 class=\"bodytext\" style=\"text-align: left;\">Teil 1<\/h3>\n<p class=\"bodytext\" style=\"text-align: left;\">Die Natur kann ausgezeichnete junge Organismen herstellen. Sie hat es aber nicht geschafft, gut funktionierende alte Lebewesen zu konstruieren &#8211; das werden wir ihr beibringen m\u00fcssen, erkl\u00e4rt der Evolutionsbiologe Prof. M. Rose. An einer Universit\u00e4t in S\u00fcdkalifornien ist es dem Wissenschaftler gelungen Fruchtfliegen zu z\u00fcchten, die doppelt solange leben wie normal. In den Augen von Prof. R. Walford ist es nur eine Frage der Zeit, da\u00df es gelingen wird, die Lebensspanne beim Menschen ebenfalls zu verl\u00e4ngern.<\/p>\n<p class=\"bodytext\" style=\"text-align: left;\">In die Altersforschung werden derzeit weltweit ungeheure Summen investiert, weil Wissenschaftler wie Politiker die Hoffnung haben, kostspielige Krankheiten verhindern zu k\u00f6nnen, wenn entschl\u00fcsselt werden kann, was genau den Alterungsproze\u00df vorantreibt. Andere aber warnen vor dem daf\u00fcr notwendigen Eingriff in die molkulare Basisinformation beim Menschen. Die feministische Essayistin Betty Friedan pl\u00e4diert demgegen\u00fcber daf\u00fcr, das Alter als eigenst\u00e4ndigen, dritten Lebensabschnitt zu akzeptieren und nicht nur als Verlust der Jugend zu betrauern.<\/p>\n<p class=\"bodytext\" style=\"text-align: left;\"><img decoding=\"async\" loading=\"lazy\" class=\" wp-image-693 alignnone\" src=\"http:\/\/www.rotermundfilm.de\/wp-content\/uploads\/2017\/05\/csm_Kg007_Kopie_01_fa8629ed4d-1.jpg\" alt=\"\" width=\"315\" height=\"236\" srcset=\"https:\/\/www.rotermundfilm.de\/wp-content\/uploads\/2017\/05\/csm_Kg007_Kopie_01_fa8629ed4d-1.jpg 200w, https:\/\/www.rotermundfilm.de\/wp-content\/uploads\/2017\/05\/csm_Kg007_Kopie_01_fa8629ed4d-1-80x60.jpg 80w\" sizes=\"(max-width: 315px) 100vw, 315px\" \/><\/p>\n<p class=\"bodytext\" style=\"text-align: left;\"><b>Teil 2<br \/>\n<\/b><br \/>\n\u00c4ltere Menschen und die Medizin: ein spannungsreiches Verh\u00e4ltnis. Dieser Teil II des Films geht der Frage nach, was das Ziel von \u00e4rztlichen Eiingriffen sein kann; Heilung, Lebensverl\u00e4ngerung, Schmerzlinderung? Welche Chancen hat die Rehabilitierung von Menschen, die 80 Jahre und \u00e4lter sind? Was kann die Medizin f\u00fcr ein Leben in W\u00fcrde tun?<\/p>\n<p class=\"bodytext\" style=\"text-align: left;\">Eine in Deutschland relativ neue Fachdisziplin, die Geriatrie, hat gezeigt, da\u00df auch sehr alte Menschen noch ein erhebliches Rehabilitationspotential haben und z.B. nach einem Schlaganfall keineswegs ihre Selbstst\u00e4ndigkeit aufgeben m\u00fcssen. Bei der Alzheimerschen Krankheit sind die ForscherInnen vom Durchbruch mit einer grunds\u00e4tzlich wirkenden Therapie zwar noch weit entfernt, aber die Krankheit kann immer fr\u00fcher und pr\u00e4ziser diagnostiziert werden.<\/p>\n<p class=\"bodytext\" style=\"text-align: left;\">Die Filmemacher konnten neuropsychologische Behandlungskonzepte kennenlernen, wie z.B. die Selbsterhaltungstherapie, die den Verlauf der Krankheit positiv beeinflussen k\u00f6nnen und beachliche Erfolge zeigen. Der Film spricht sich f\u00fcr gleiche Rechte f\u00fcr alle Menschen &#8211; unabh\u00e4ngig von ihrem Alter aus.<\/p>\n<p style=\"text-align: left;\">Produktion: Medienwerkstatt Freiburg<\/p>\n<p style=\"text-align: left;\">Realisation: Oliver Tolmein, Bertram Rotermund<\/p>\n","protected":false},"excerpt":{"rendered":"<p>Alte Hoffnung &#8211; ewig jung \u00a0(1994, 90 min) Ein Film von Bertram Rotermund und Oliver Tolmein NDR &#8211; Prisma Teil 1 Die Natur kann ausgezeichnete junge Organismen herstellen. Sie hat es aber nicht geschafft, gut funktionierende alte Lebewesen zu konstruieren &#8211; das werden wir ihr beibringen m\u00fcssen, erkl\u00e4rt der Evolutionsbiologe Prof. M. Rose. An einer&#8230;<\/p>\n","protected":false},"author":1,"featured_media":0,"parent":0,"menu_order":0,"comment_status":"closed","ping_status":"closed","template":"","meta":[],"_links":{"self":[{"href":"https:\/\/www.rotermundfilm.de\/index.php?rest_route=\/wp\/v2\/pages\/688"}],"collection":[{"href":"https:\/\/www.rotermundfilm.de\/index.php?rest_route=\/wp\/v2\/pages"}],"about":[{"href":"https:\/\/www.rotermundfilm.de\/index.php?rest_route=\/wp\/v2\/types\/page"}],"author":[{"embeddable":true,"href":"https:\/\/www.rotermundfilm.de\/index.php?rest_route=\/wp\/v2\/users\/1"}],"replies":[{"embeddable":true,"href":"https:\/\/www.rotermundfilm.de\/index.php?rest_route=%2Fwp%2Fv2%2Fcomments&post=688"}],"version-history":[{"count":6,"href":"https:\/\/www.rotermundfilm.de\/index.php?rest_route=\/wp\/v2\/pages\/688\/revisions"}],"predecessor-version":[{"id":736,"href":"https:\/\/www.rotermundfilm.de\/index.php?rest_route=\/wp\/v2\/pages\/688\/revisions\/736"}],"wp:attachment":[{"href":"https:\/\/www.rotermundfilm.de\/index.php?rest_route=%2Fwp%2Fv2%2Fmedia&parent=688"}],"curies":[{"name":"wp","href":"https:\/\/api.w.org\/{rel}","templated":true}]}}