{"id":416,"date":"2017-04-06T13:16:54","date_gmt":"2017-04-06T13:16:54","guid":{"rendered":"http:\/\/www.rotermundfilm.de\/?page_id=416"},"modified":"2017-04-06T13:21:10","modified_gmt":"2017-04-06T13:21:10","slug":"passt-bloss-auf","status":"publish","type":"page","link":"https:\/\/www.rotermundfilm.de\/?page_id=416","title":{"rendered":"Pa\u00dft blo\u00df auf"},"content":{"rendered":"<p><strong>PASST BLOSS AUF! (75 Minuten)<\/strong><br \/>\nEin Film aus der Kultur von unten<br \/>\nMedienwerkstatt Freiburg<\/p>\n<p>&nbsp;<\/p>\n<p>Die Besonderheit dieses Videofilms liegt nicht darin, da\u00df hier Hausbesetzer, Punks, Demos, bemalte W\u00e4nde gezeigt werden, sondern wie sie gezeigt werden. Die Bilder werden nicht analysiert, kommentiert, erkl\u00e4rt, die verschiedenen Bildfolgen nicht an- oder abmoderiert; der Film f\u00fchrt Szenen, Fragmente, Einblicke vor, deren Zusammenhang der Zuschauer selbst herstellen mu\u00df.<\/p>\n<p>Es ist eine Videomontage aus der Sicht der Hausbesetzer- und Jugendbewegung der 80er Jahre, die das Lebensgef\u00fchl dieser Bewegung zum Ausdruck bringt und den Bildern der herrschenden Kultur entgegensetzt.<br \/>\nBilder, die so nicht zusammengeh\u00f6ren und doch nur so einen Sinn ergeben. Einer Hausr\u00e4umung folgt ein Fest, gefolgt durch die Observation des Staatsschutzes. Es gibt Bambule in der Innenstadt, es werden technische Sinnlosigkeiten verkauft, es wird gefr\u00fchst\u00fcckt, und die Staatsgewalt kn\u00fcppelt ein Stra\u00dfenfest zusammen.<\/p>\n<p><img decoding=\"async\" loading=\"lazy\" class=\"aligncenter  wp-image-418\" src=\"http:\/\/www.rotermundfilm.de\/wp-content\/uploads\/2017\/04\/Passt_bloss_auf.jpg\" alt=\"\" width=\"439\" height=\"315\" srcset=\"https:\/\/www.rotermundfilm.de\/wp-content\/uploads\/2017\/04\/Passt_bloss_auf.jpg 369w, https:\/\/www.rotermundfilm.de\/wp-content\/uploads\/2017\/04\/Passt_bloss_auf-300x215.jpg 300w\" sizes=\"(max-width: 439px) 100vw, 439px\" \/><\/p>\n<p>Die Punks leben ihr Endzeitgef\u00fchl, w\u00e4hrend andernorts im Schwarzwaldbunker \u201ebesonders sch\u00fctzenswertes Kulturgut\u201c mikroverfilmt in Stahlbeh\u00e4ltern auf eine strahlende Zukunft wartet.<\/p>\n<p>\u201eDie Situation ist hoffnungslos &#8211; aber nicht ernst\u201c, steht auf einem Graffiti eines Treppenhauses. Nur weil die Wirklichkeit ein St\u00fcck weit nicht ernst genommen wird, ist sie zu ertragen. In der spielerischen Selbstbehauptung lag die St\u00e4rke der Bewegung und liegt die St\u00e4rke dieses Films. Es ist die Montage einer Realit\u00e4t, die angehalten und in Einzelteile zerlegt, wieder zusammengesetzt wurde.<\/p>\n","protected":false},"excerpt":{"rendered":"<p>PASST BLOSS AUF! (75 Minuten) Ein Film aus der Kultur von unten Medienwerkstatt Freiburg &nbsp; Die Besonderheit dieses Videofilms liegt nicht darin, da\u00df hier Hausbesetzer, Punks, Demos, bemalte W\u00e4nde gezeigt werden, sondern wie sie gezeigt werden. Die Bilder werden nicht analysiert, kommentiert, erkl\u00e4rt, die verschiedenen Bildfolgen nicht an- oder abmoderiert; der Film f\u00fchrt Szenen, Fragmente,&#8230;<\/p>\n","protected":false},"author":1,"featured_media":0,"parent":0,"menu_order":0,"comment_status":"closed","ping_status":"closed","template":"","meta":[],"_links":{"self":[{"href":"https:\/\/www.rotermundfilm.de\/index.php?rest_route=\/wp\/v2\/pages\/416"}],"collection":[{"href":"https:\/\/www.rotermundfilm.de\/index.php?rest_route=\/wp\/v2\/pages"}],"about":[{"href":"https:\/\/www.rotermundfilm.de\/index.php?rest_route=\/wp\/v2\/types\/page"}],"author":[{"embeddable":true,"href":"https:\/\/www.rotermundfilm.de\/index.php?rest_route=\/wp\/v2\/users\/1"}],"replies":[{"embeddable":true,"href":"https:\/\/www.rotermundfilm.de\/index.php?rest_route=%2Fwp%2Fv2%2Fcomments&post=416"}],"version-history":[{"count":3,"href":"https:\/\/www.rotermundfilm.de\/index.php?rest_route=\/wp\/v2\/pages\/416\/revisions"}],"predecessor-version":[{"id":422,"href":"https:\/\/www.rotermundfilm.de\/index.php?rest_route=\/wp\/v2\/pages\/416\/revisions\/422"}],"wp:attachment":[{"href":"https:\/\/www.rotermundfilm.de\/index.php?rest_route=%2Fwp%2Fv2%2Fmedia&parent=416"}],"curies":[{"name":"wp","href":"https:\/\/api.w.org\/{rel}","templated":true}]}}