{"id":391,"date":"2017-04-06T12:17:00","date_gmt":"2017-04-06T12:17:00","guid":{"rendered":"http:\/\/www.rotermundfilm.de\/?page_id=391"},"modified":"2017-04-06T12:20:19","modified_gmt":"2017-04-06T12:20:19","slug":"geisterfahrer","status":"publish","type":"page","link":"https:\/\/www.rotermundfilm.de\/?page_id=391","title":{"rendered":"Geisterfahrer"},"content":{"rendered":"<p><strong>GEISTERFAHRER (72 Minuten)<\/strong><br \/>\nEine utopische Kolportage<br \/>\nMedienwerkstatt Freiburg<\/p>\n<p>Vorneweg: Es geht um Politik, um solche, die es sich bequem gemacht hat. Nicht hinterm Ofen, eher dort, wo man lebendig scheint und doch nichts bewegt: in den Institutionen der Politik im Jahre 1986. So dreht sich Geisterfahrer um den Wandel von oppositioneller Politik, von der selbstbewu\u00dften Kraft utopischer Entw\u00fcrfe zu den kleinen Schritten der Realpolitik.<\/p>\n<p>Wir fragen nach dem Verh\u00e4ltnis der Linken zur Macht und erbleichen bei dem Gedanken, da\u00df man \u00fcber linke Politik nur noch sprechen kann, wenn man Parlament sagt, wenn \u00fcber Geld gesprochen wird, \u00fcber Netzwerke, Stadtwerke, Banken, Kreditgarantiegemeinschaften und institutionelle B\u00fcrokratie.<\/p>\n<p><img decoding=\"async\" loading=\"lazy\" class=\"aligncenter  wp-image-394\" src=\"http:\/\/www.rotermundfilm.de\/wp-content\/uploads\/2017\/04\/Geisterfahrer.jpg\" alt=\"\" width=\"427\" height=\"307\" srcset=\"https:\/\/www.rotermundfilm.de\/wp-content\/uploads\/2017\/04\/Geisterfahrer.jpg 369w, https:\/\/www.rotermundfilm.de\/wp-content\/uploads\/2017\/04\/Geisterfahrer-300x215.jpg 300w\" sizes=\"(max-width: 427px) 100vw, 427px\" \/>\u00a0Hinter \u201eGeisterfahrer\u201c steht die These, da\u00df Sinnproduktion, auch der Entwurf einer besseren Gesellschaft, die produktive Aktivierung von Menschen nur au\u00dferhalb festgef\u00fcgter Institutionen stattfinden kann. Die institutionelle Verengung beraubt diese Momente ihrer sinnproduktiven, mobilisierenden Kraft.<\/p>\n<p>Der Gestus eines gr\u00fcnen Parlamentariers, der sich auf die Anarchie beruft, der eines Minsteramtskandidaten, der sich noch immer als Arm einer Bewegung verstanden wissen will, die \u00d6kobank, die Bewegung in die \u201eBewegung\u201c bringen soll &#8230; &#8211; all dies macht die prek\u00e4re Situation der politischen Kultur im Deutschland der 80er Jahre aus.<\/p>\n<p>Zeitgeist &#8211; Geisterzeit &#8211; so dachten wir, es lohnt sich, den Versuch zu unternehmen, der politischen und alternativ wirtschaftlichen Gesch\u00e4ftigkeit einmal in die Karten zu schauen: wir sind in eine Geisterbahn eingestiegen, hinter uns sa\u00dfen Ernst Bloch und Rudi Dutschke, nicht aufh\u00f6rend, \u00fcber eine bessere Welt zu diskutieren. Wir haben Jo Leinen, den \u00d6ko-M\u00e4rchenprinzen der SPD im Wahlkampf 1986 begleitet, sind den gr\u00fcnen Strategen auf den Pelz ger\u00fcckt, haben uns im Parlament umgesehen, durften die Gr\u00fcndung einer alternativen Bank miterleben. Wir waren am Wackersdorfer Zaun, bei der Vereidigung Joschka Fischers als erster gr\u00fcner Minister, wir speisten mit dem Vizek\u00f6nig und jagten indische Tiger.<\/p>\n<p>Geisterfahrer: Es ist nicht alles wahr, was man mit den Augen sieht, und was man mit den Augen sieht ist nicht Alles. Eine verkehrte Welt wird auf den Kopf gestellt und das Ergebnis: Realit\u00e4t oder Fiktion?<\/p>\n","protected":false},"excerpt":{"rendered":"<p>GEISTERFAHRER (72 Minuten) Eine utopische Kolportage Medienwerkstatt Freiburg Vorneweg: Es geht um Politik, um solche, die es sich bequem gemacht hat. Nicht hinterm Ofen, eher dort, wo man lebendig scheint und doch nichts bewegt: in den Institutionen der Politik im Jahre 1986. So dreht sich Geisterfahrer um den Wandel von oppositioneller Politik, von der selbstbewu\u00dften&#8230;<\/p>\n","protected":false},"author":1,"featured_media":0,"parent":0,"menu_order":0,"comment_status":"closed","ping_status":"closed","template":"","meta":[],"_links":{"self":[{"href":"https:\/\/www.rotermundfilm.de\/index.php?rest_route=\/wp\/v2\/pages\/391"}],"collection":[{"href":"https:\/\/www.rotermundfilm.de\/index.php?rest_route=\/wp\/v2\/pages"}],"about":[{"href":"https:\/\/www.rotermundfilm.de\/index.php?rest_route=\/wp\/v2\/types\/page"}],"author":[{"embeddable":true,"href":"https:\/\/www.rotermundfilm.de\/index.php?rest_route=\/wp\/v2\/users\/1"}],"replies":[{"embeddable":true,"href":"https:\/\/www.rotermundfilm.de\/index.php?rest_route=%2Fwp%2Fv2%2Fcomments&post=391"}],"version-history":[{"count":3,"href":"https:\/\/www.rotermundfilm.de\/index.php?rest_route=\/wp\/v2\/pages\/391\/revisions"}],"predecessor-version":[{"id":395,"href":"https:\/\/www.rotermundfilm.de\/index.php?rest_route=\/wp\/v2\/pages\/391\/revisions\/395"}],"wp:attachment":[{"href":"https:\/\/www.rotermundfilm.de\/index.php?rest_route=%2Fwp%2Fv2%2Fmedia&parent=391"}],"curies":[{"name":"wp","href":"https:\/\/api.w.org\/{rel}","templated":true}]}}