{"id":363,"date":"2017-04-06T11:35:53","date_gmt":"2017-04-06T11:35:53","guid":{"rendered":"http:\/\/www.rotermundfilm.de\/?page_id=363"},"modified":"2017-04-06T11:41:31","modified_gmt":"2017-04-06T11:41:31","slug":"heimliche-menschen","status":"publish","type":"page","link":"https:\/\/www.rotermundfilm.de\/?page_id=363","title":{"rendered":"Heimliche Menschen"},"content":{"rendered":"<p><strong>Heimliche Menschen (30 Minuten)<\/strong><br \/>\nAls Fl\u00fcchtling illegal in Deutschland<br \/>\nBertram Rotermund, Alexandra Federer<\/p>\n<p>Nach dem Urteil des Verfassungsgerichts 1993 wurde das Asylrecht f\u00fcr politische Fl\u00fcchtlinge so gut wie aufgehoben. Wer es schafft, der Verfolgung in seinem Heimatland zu entfliehen und Zuflucht in Deutschland sucht, hat kaum eine Chance, als Asylsuchender anerkannt zu werden; die Fl\u00fcchtlinge erwartet eine menschenunw\u00fcrdige Unterbringung in Lagern und ein Asylschnellverfahren, das in den meisten F\u00e4llen mit Abschiebung endet &#8211; f\u00fcr viele in Folter und Tod. Um zu \u00fcberleben, bleibt ihnen nur noch ein Leben in der Illegalit\u00e4t (in den Medien wird von 500.000 bis 1.000.000 \u201eIllegalen\u201c in Deutschland ausgegangen).<\/p>\n<p><img decoding=\"async\" loading=\"lazy\" class=\"aligncenter wp-image-366\" src=\"http:\/\/www.rotermundfilm.de\/wp-content\/uploads\/2017\/04\/heimliche-Menschen.jpg\" alt=\"\" width=\"398\" height=\"286\" srcset=\"https:\/\/www.rotermundfilm.de\/wp-content\/uploads\/2017\/04\/heimliche-Menschen.jpg 369w, https:\/\/www.rotermundfilm.de\/wp-content\/uploads\/2017\/04\/heimliche-Menschen-300x215.jpg 300w\" sizes=\"(max-width: 398px) 100vw, 398px\" \/><\/p>\n<p>Der Film l\u00e4\u00dft einige von ihnen zu Wort kommen und macht dadurch Einzelschicksale, die sich hinter diesen Zahlen verbergen, transparent.<br \/>\nEindringlich schildern sie, was es bedeutet, unter solchen Umst\u00e4nden zu leben, erz\u00e4hlen von der Angst, entdeckt zu werden, davon, da\u00df sie ihre Kinder einsperren m\u00fcssen, da\u00df sie hier ein Leben wie im Gef\u00e4ngnis f\u00fchren und ihre einzige Hoffnung darin besteht, doch noch anerkannt zu werden.<\/p>\n<p>Der Film stellt aber auch jene vor, die die Zivilcourage aufbringen und Fl\u00fcchtlinge in dieser fast aussichtslosen Situation unterst\u00fctzen und bei sich unterbringen, auch wenn sie dabei gegen herrschende Gesetze versto\u00dfen. Gedichte und Briefe von deutschen Exilliteraten erinnern daran, wie erschreckend \u00e4hnlich die Lebenssituation von Fl\u00fcchtlingen in diesem Jahrhundert ist.<\/p>\n<p>Zitat aus dem Film:<\/p>\n<p>\u201eWenn es um drohende Menschenrechtsverletzungen geht, dann ist jeder verpflichtet, sich so zu verhalten, da\u00df diese Menschenrechte des Betroffenen gesch\u00fctzt werden. Wenn das aktuelle Recht dieses nicht erm\u00f6glicht, dann ist es die Verpflichtung eines jeden, trotzdem diesen Menschen Schutz zu gew\u00e4hren, da die Verteidigung von Menschenrechten in jedem Fall einen h\u00f6heren Wert hat als die Vollziehung und Durchsetzung von einfachen Gesetzen.\u201c<\/p>\n","protected":false},"excerpt":{"rendered":"<p>Heimliche Menschen (30 Minuten) Als Fl\u00fcchtling illegal in Deutschland Bertram Rotermund, Alexandra Federer Nach dem Urteil des Verfassungsgerichts 1993 wurde das Asylrecht f\u00fcr politische Fl\u00fcchtlinge so gut wie aufgehoben. Wer es schafft, der Verfolgung in seinem Heimatland zu entfliehen und Zuflucht in Deutschland sucht, hat kaum eine Chance, als Asylsuchender anerkannt zu werden; die Fl\u00fcchtlinge&#8230;<\/p>\n","protected":false},"author":1,"featured_media":0,"parent":0,"menu_order":0,"comment_status":"closed","ping_status":"closed","template":"","meta":[],"_links":{"self":[{"href":"https:\/\/www.rotermundfilm.de\/index.php?rest_route=\/wp\/v2\/pages\/363"}],"collection":[{"href":"https:\/\/www.rotermundfilm.de\/index.php?rest_route=\/wp\/v2\/pages"}],"about":[{"href":"https:\/\/www.rotermundfilm.de\/index.php?rest_route=\/wp\/v2\/types\/page"}],"author":[{"embeddable":true,"href":"https:\/\/www.rotermundfilm.de\/index.php?rest_route=\/wp\/v2\/users\/1"}],"replies":[{"embeddable":true,"href":"https:\/\/www.rotermundfilm.de\/index.php?rest_route=%2Fwp%2Fv2%2Fcomments&post=363"}],"version-history":[{"count":5,"href":"https:\/\/www.rotermundfilm.de\/index.php?rest_route=\/wp\/v2\/pages\/363\/revisions"}],"predecessor-version":[{"id":371,"href":"https:\/\/www.rotermundfilm.de\/index.php?rest_route=\/wp\/v2\/pages\/363\/revisions\/371"}],"wp:attachment":[{"href":"https:\/\/www.rotermundfilm.de\/index.php?rest_route=%2Fwp%2Fv2%2Fmedia&parent=363"}],"curies":[{"name":"wp","href":"https:\/\/api.w.org\/{rel}","templated":true}]}}