{"id":354,"date":"2017-04-06T11:26:30","date_gmt":"2017-04-06T11:26:30","guid":{"rendered":"http:\/\/www.rotermundfilm.de\/?page_id=354"},"modified":"2017-04-06T11:29:20","modified_gmt":"2017-04-06T11:29:20","slug":"manchmal-traeum-ich-noch-davon","status":"publish","type":"page","link":"https:\/\/www.rotermundfilm.de\/?page_id=354","title":{"rendered":"Manchmal tr\u00e4ume ich noch davon"},"content":{"rendered":"<p><strong>MANCHMAL TR\u00c4UME ICH NOCH DAVON (30 Minuten)<\/strong><br \/>\nBertram Rotermund, Walter Mo\u00dfmann<\/p>\n<p>&#8222;Man fand ihn am Fu\u00dfe des H\u00fcgels. Die Contra hatte ihm die Kehle durchgeschnitten, die Augen herausgerissen&#8230;&#8220; ein Augenzeuge erinnert an die Ermordung Tonio Pflaums in dem unwegsamen Gel\u00e4nde im nicaraguanischen Hochland.<\/p>\n<p>Tonio, ein deutscher Arzt aus Freiburg war wie Hunderte von &#8222;Brigadisten&#8220; in den 80er Jahren nach Nicaragua gegangen, um seine Tr\u00e4ume von Gerechtigkeit und einem besseren Leben in der Revolution der Sandinisten zu verwirklichen.<br \/>\nEine Gruppe aus Freiburg setzte sich zum Ziel, Tonios Sache weiterzuf\u00fchren, die Revolution in Nicaragua zu unterst\u00fctzen. Zwischen dem Ort Wiwili und Freiburg wurde eine St\u00e4dtepartnerschaft gegr\u00fcndet. Es gab Wiederaufforstungsprogramme, man errichtete eine \u00f6ffentliche Trinkwasserversorgung, widmete sich dem \u00f6kologischen Landbau.<\/p>\n<p><img decoding=\"async\" loading=\"lazy\" class=\"aligncenter  wp-image-355\" src=\"http:\/\/www.rotermundfilm.de\/wp-content\/uploads\/2017\/04\/Manchmal_traume_ich-e1491477934896.jpg\" alt=\"\" width=\"361\" height=\"259\" \/>Was ist nach den Jahren des Neoliberalismus in Nicaragua davon geblieben? Wo sind heute, nach dem Ende der Revolution noch die Ankn\u00fcpfungspunkte f\u00fcr eine praktische Solidarit\u00e4t?<\/p>\n<p>Der Film begleitet die Solidarischen bei der Besichtigung der aus Freiburg finanzierten Projekte und ihren Versuch, auch heute noch eine politische Kontinuit\u00e4t zu behaupten.<\/p>\n<p>(Kurzfassung von &#8222;Reisende in Wiwili&#8220;)<\/p>\n","protected":false},"excerpt":{"rendered":"<p>MANCHMAL TR\u00c4UME ICH NOCH DAVON (30 Minuten) Bertram Rotermund, Walter Mo\u00dfmann &#8222;Man fand ihn am Fu\u00dfe des H\u00fcgels. Die Contra hatte ihm die Kehle durchgeschnitten, die Augen herausgerissen&#8230;&#8220; ein Augenzeuge erinnert an die Ermordung Tonio Pflaums in dem unwegsamen Gel\u00e4nde im nicaraguanischen Hochland. Tonio, ein deutscher Arzt aus Freiburg war wie Hunderte von &#8222;Brigadisten&#8220; in&#8230;<\/p>\n","protected":false},"author":1,"featured_media":0,"parent":0,"menu_order":0,"comment_status":"closed","ping_status":"closed","template":"","meta":[],"_links":{"self":[{"href":"https:\/\/www.rotermundfilm.de\/index.php?rest_route=\/wp\/v2\/pages\/354"}],"collection":[{"href":"https:\/\/www.rotermundfilm.de\/index.php?rest_route=\/wp\/v2\/pages"}],"about":[{"href":"https:\/\/www.rotermundfilm.de\/index.php?rest_route=\/wp\/v2\/types\/page"}],"author":[{"embeddable":true,"href":"https:\/\/www.rotermundfilm.de\/index.php?rest_route=\/wp\/v2\/users\/1"}],"replies":[{"embeddable":true,"href":"https:\/\/www.rotermundfilm.de\/index.php?rest_route=%2Fwp%2Fv2%2Fcomments&post=354"}],"version-history":[{"count":5,"href":"https:\/\/www.rotermundfilm.de\/index.php?rest_route=\/wp\/v2\/pages\/354\/revisions"}],"predecessor-version":[{"id":361,"href":"https:\/\/www.rotermundfilm.de\/index.php?rest_route=\/wp\/v2\/pages\/354\/revisions\/361"}],"wp:attachment":[{"href":"https:\/\/www.rotermundfilm.de\/index.php?rest_route=%2Fwp%2Fv2%2Fmedia&parent=354"}],"curies":[{"name":"wp","href":"https:\/\/api.w.org\/{rel}","templated":true}]}}