{"id":347,"date":"2017-04-06T10:38:15","date_gmt":"2017-04-06T10:38:15","guid":{"rendered":"http:\/\/www.rotermundfilm.de\/?page_id=347"},"modified":"2017-04-25T11:14:46","modified_gmt":"2017-04-25T11:14:46","slug":"doping-fuer-den-job","status":"publish","type":"page","link":"https:\/\/www.rotermundfilm.de\/?page_id=347","title":{"rendered":"Doping f\u00fcr den Job"},"content":{"rendered":"<p><strong>&#8222;Doping f\u00fcr den Job&#8220; ( 30 Min )<\/strong><span style=\"font-size: small;\"><b><br \/>\n<\/b><\/span>arte \/NDR 2009<\/p>\n<p>Schnell, effektiv und flexibel &#8211; so soll er sein, der moderne Arbeitnehmer. Doch nicht jeder kann dem wachsenden Leistungsdruck standhalten. Viele Menschen f\u00fchlen sich \u00fcberfordert und greifen zu Medikamenten und Drogen.<\/p>\n<p>Im Sport gilt Doping als Betrug. Im Job wird es stillschweigend geduldet. Tagt\u00e4glich dopen sich Millionen von Berufst\u00e4tigen mit Betablockern, Stimmungsaufhellern und Aufputschmitteln. Aus Angst ihren Job zu verlieren, riskieren sie ihre Gesundheit. Ob Manager, Musiker oder Student &#8211; der Griff zur Pille wird oft verharmlost, denn Pillen gelten immer noch als Heilmittel. Doch der Weg zur Abh\u00e4ngigkeit, zur Sucht und dann zum v\u00f6lligen Zusammenbruch ist oft nicht weit.<\/p>\n<p>Eine Bankerin, ein Werbefachmann und eine Apothekerin berichten \u00fcber diese Erfahrung. Neu auf dem Markt, und nicht weniger gef\u00e4hrlich, sind die sogenannten Neuro-Enhancer. Sie versprechen eine erh\u00f6hte Konzentrationsf\u00e4higkeit und sind bei Kopfarbeitern beliebt. Die Leistungsgrenzen werden so k\u00fcnstlich nach oben verschoben. Wer keine Enhancer nimmt, hat das Nachsehen. Welche Konsequenzen hat das f\u00fcr die Zukunft unserer Arbeitsgesellschaft?<\/p>\n<p><img decoding=\"async\" loading=\"lazy\" class=\"aligncenter wp-image-349\" src=\"http:\/\/www.rotermundfilm.de\/wp-content\/uploads\/2017\/04\/Doping.jpg\" alt=\"\" width=\"372\" height=\"211\" srcset=\"https:\/\/www.rotermundfilm.de\/wp-content\/uploads\/2017\/04\/Doping.jpg 312w, https:\/\/www.rotermundfilm.de\/wp-content\/uploads\/2017\/04\/Doping-300x170.jpg 300w\" sizes=\"(max-width: 372px) 100vw, 372px\" \/>Der Neurobiologe Gerald H\u00fcther warnt vor den psychosozialen Folgen des Medikamentenmissbrauchs.<\/p>\n<p>&nbsp;<\/p>\n<p><object id=\"nuevo_5811\" data=\"http:\/\/clips.team-andro.com\/nuevo5\/player.swf\" type=\"application\/x-shockwave-flash\" width=\"480\" height=\"304\"><param name=\"movie\" value=\"http:\/\/clips.team-andro.com\/nuevo5\/player.swf\" \/><param name=\"allowscriptaccess\" value=\"always\" \/><param name=\"wmode\" value=\"transparent\" \/><param name=\"allowfullscreen\" value=\"true\" \/><param name=\"flashvars\" value=\"config=http:\/\/clips.team-andro.com\/nuevo5\/config.php?key=6b6626e1f186f03c9a06,silver,0,1,0,,0,0,0\" \/><\/object><\/p>\n","protected":false},"excerpt":{"rendered":"<p>&#8222;Doping f\u00fcr den Job&#8220; ( 30 Min ) arte \/NDR 2009 Schnell, effektiv und flexibel &#8211; so soll er sein, der moderne Arbeitnehmer. Doch nicht jeder kann dem wachsenden Leistungsdruck standhalten. Viele Menschen f\u00fchlen sich \u00fcberfordert und greifen zu Medikamenten und Drogen. Im Sport gilt Doping als Betrug. Im Job wird es stillschweigend geduldet. Tagt\u00e4glich&#8230;<\/p>\n","protected":false},"author":1,"featured_media":0,"parent":0,"menu_order":0,"comment_status":"closed","ping_status":"closed","template":"","meta":[],"_links":{"self":[{"href":"https:\/\/www.rotermundfilm.de\/index.php?rest_route=\/wp\/v2\/pages\/347"}],"collection":[{"href":"https:\/\/www.rotermundfilm.de\/index.php?rest_route=\/wp\/v2\/pages"}],"about":[{"href":"https:\/\/www.rotermundfilm.de\/index.php?rest_route=\/wp\/v2\/types\/page"}],"author":[{"embeddable":true,"href":"https:\/\/www.rotermundfilm.de\/index.php?rest_route=\/wp\/v2\/users\/1"}],"replies":[{"embeddable":true,"href":"https:\/\/www.rotermundfilm.de\/index.php?rest_route=%2Fwp%2Fv2%2Fcomments&post=347"}],"version-history":[{"count":5,"href":"https:\/\/www.rotermundfilm.de\/index.php?rest_route=\/wp\/v2\/pages\/347\/revisions"}],"predecessor-version":[{"id":536,"href":"https:\/\/www.rotermundfilm.de\/index.php?rest_route=\/wp\/v2\/pages\/347\/revisions\/536"}],"wp:attachment":[{"href":"https:\/\/www.rotermundfilm.de\/index.php?rest_route=%2Fwp%2Fv2%2Fmedia&parent=347"}],"curies":[{"name":"wp","href":"https:\/\/api.w.org\/{rel}","templated":true}]}}