{"id":344,"date":"2017-04-06T10:32:00","date_gmt":"2017-04-06T10:32:00","guid":{"rendered":"http:\/\/www.rotermundfilm.de\/?page_id=344"},"modified":"2017-04-06T10:32:00","modified_gmt":"2017-04-06T10:32:00","slug":"merhaba-tuerkei-in-hamburg","status":"publish","type":"page","link":"https:\/\/www.rotermundfilm.de\/?page_id=344","title":{"rendered":"Merhaba &#8211; T\u00fcrkei in Hamburg"},"content":{"rendered":"<p>Die Hamburger VHS entdeckte T\u00fcrkei in Hamburg<br \/>\nSemesterstart: 7000 Kurse und Vortr\u00e4ge &#8211; ein Schwerpunktthema. Sogar in U-Bahnen und Bussen gab es in Kooperation mit der Hochbahn eine Aktion: Jeder Fahrgast konnte dort ein paar S\u00e4tze T\u00fcrkisch lernen.<\/p>\n<p>Eine Br\u00fccke zwischen den Kulturen schlagen &#8211; das war das Ziel der Hamburger Volkshochschule f\u00fcr das Semester 2006\/2007. Unter dem Themenschwerpunkt &#8222;T\u00fcrkei in Hamburg. Merhaba! &#8211; Guten Tag!&#8220; sollte die mit etwa 85 000 T\u00fcrken gr\u00f6\u00dfte Minderheit der Hansestadt in den Vordergrund ger\u00fcckt werden. Von insgesamt 7000 Kursen und Vortr\u00e4gen fanden vom 27. September an mehr als 50 zu diesem Thema statt.<\/p>\n<p>&#8222;In den vergangenen Monaten fiel h\u00e4ufig der Begriff ,fehlgeschlagene Integration'&#8220;, sagte VHS-Gesch\u00e4ftsf\u00fchrerin Hannelore Bastian. &#8222;Wir m\u00f6chten durch Begegnungen Vorurteile abbauen&#8220;. Dabei wolle man auf die Erfahrungen mit Sprach- und Integrationskursen zur\u00fcckgreifen. Unterst\u00fctzung erhielt die VHS von der T\u00fcrkischen Gemeinde Hamburg. &#8222;Besonders wichtig sind Sprachkurse&#8220;, sagte Harald Winkels von der T\u00fcrkischen Gemeinde. Die schulische Laufbahn von Kindern, die \u00fcber keine ausreichenden Deutschkenntnisse verf\u00fcgen, sei zum Scheitern verurteilt.<\/p>\n<p>Das Programm &#8222;T\u00fcrkei in Hamburg&#8220; war aber nicht nur auf Sprachkurse beschr\u00e4nkt. Die Bandbreite reichte von Podiumsdiskussionen \u00fcber Lesungen und Theaterst\u00fccke, \u00fcber Besuche in T\u00fcrkischen Betrieben und L\u00e4den bis hin zu Kunstkursen mit deutschen und t\u00fcrkischen K\u00fcnstlern.<\/p>\n<p>Der Film dokumentiert dieses Programm und seine Macher.<\/p>\n<p>Der Film entstand im Rahmen eines VHS-Kurs zusammen mit den Teilnehmern des Kurses.<\/p>\n","protected":false},"excerpt":{"rendered":"<p>Die Hamburger VHS entdeckte T\u00fcrkei in Hamburg Semesterstart: 7000 Kurse und Vortr\u00e4ge &#8211; ein Schwerpunktthema. Sogar in U-Bahnen und Bussen gab es in Kooperation mit der Hochbahn eine Aktion: Jeder Fahrgast konnte dort ein paar S\u00e4tze T\u00fcrkisch lernen. Eine Br\u00fccke zwischen den Kulturen schlagen &#8211; das war das Ziel der Hamburger Volkshochschule f\u00fcr das Semester&#8230;<\/p>\n","protected":false},"author":1,"featured_media":0,"parent":0,"menu_order":0,"comment_status":"closed","ping_status":"closed","template":"","meta":[],"_links":{"self":[{"href":"https:\/\/www.rotermundfilm.de\/index.php?rest_route=\/wp\/v2\/pages\/344"}],"collection":[{"href":"https:\/\/www.rotermundfilm.de\/index.php?rest_route=\/wp\/v2\/pages"}],"about":[{"href":"https:\/\/www.rotermundfilm.de\/index.php?rest_route=\/wp\/v2\/types\/page"}],"author":[{"embeddable":true,"href":"https:\/\/www.rotermundfilm.de\/index.php?rest_route=\/wp\/v2\/users\/1"}],"replies":[{"embeddable":true,"href":"https:\/\/www.rotermundfilm.de\/index.php?rest_route=%2Fwp%2Fv2%2Fcomments&post=344"}],"version-history":[{"count":1,"href":"https:\/\/www.rotermundfilm.de\/index.php?rest_route=\/wp\/v2\/pages\/344\/revisions"}],"predecessor-version":[{"id":345,"href":"https:\/\/www.rotermundfilm.de\/index.php?rest_route=\/wp\/v2\/pages\/344\/revisions\/345"}],"wp:attachment":[{"href":"https:\/\/www.rotermundfilm.de\/index.php?rest_route=%2Fwp%2Fv2%2Fmedia&parent=344"}],"curies":[{"name":"wp","href":"https:\/\/api.w.org\/{rel}","templated":true}]}}