{"id":329,"date":"2017-04-05T20:22:14","date_gmt":"2017-04-05T20:22:14","guid":{"rendered":"http:\/\/www.rotermundfilm.de\/?page_id=329"},"modified":"2024-03-28T12:30:39","modified_gmt":"2024-03-28T12:30:39","slug":"briefe-aus-wiwili-2","status":"publish","type":"page","link":"https:\/\/www.rotermundfilm.de\/?page_id=329","title":{"rendered":"Briefe aus Wiwili"},"content":{"rendered":"<h2><span style=\"font-size: small;\"><b><br \/>\n<\/b><\/span>Briefe aus Wiwili (1987, 45 Minuten)<\/h2>\n<p><iframe loading=\"lazy\" src=\"https:\/\/www.youtube-nocookie.com\/embed\/fcYeAEZtiyU?rel=0\" width=\"853\" height=\"450\" frameborder=\"0\" allowfullscreen=\"allowfullscreen\"><\/iframe><\/p>\n<p>Wiwili, eine Kleinstadt mit 7.000 Einwohnern im Norden von Nicaragua am Rio Coco, 20 km von der Grenze zu Honduras entfernt. Auf der anderen Seite der Grenze befanden sich die Lager der Contras, die von dort aus immer wieder in das Land einfielen, um die Siedlungen und Stra\u00dfen anzugreifen. 1980, ein Jahr nach dem Triumph der Revolution, geht der Arzt Tonio Pflaum im Rahmen des DED nach Wiwili, um dort beim Aufbau eines Krankenhauses zu helfen. 1983 werden er und weitere 10 Passagiere eines Kleinbusses in Zompopera auf der Stra\u00dfe von der Contra ermordet. Auf Druck der Solidarit\u00e4tsbewegung hin beschlie\u00dft der Freiburger Gemeinderat, den dringend notwendigen Bau einer Trinkwasserversorgung f\u00fcr Wiwili im Rahmen einer St\u00e4dtefreundschaft zu finanzieren. Im M\u00e4rz 1985 gehen Bernd Koberstein und Reinhold Seidelmann nach Wiwili, um den Bau eines Wasserprojektes anzuleiten. Am 29. Juli wird Bernd zusammen mit f\u00fcnf anderen von der Contra ermordet.<\/p>\n<p>Eigentlich h\u00e4tte der Film zusammen mit Bernd gedreht werden sollen, jetzt sind die Briefe aus Wiwili sein Verm\u00e4chtnis. Zitate aus Bernds Briefen sind der einzige Kommentar des Films. Sie reflektieren ihre Situation und ihren Bewu\u00dftseinsstand als solidarische Europ\u00e4er in einem revolution\u00e4ren Land. Dazu Bilder vom Alltag in Wiwili und von der Arbeit an der neuen Wasserleitung. Neben Hacke und Schaufel liegt immer das Gewehr. Vor dem Krankenhaus, das Tonio Pflaum mit aufgebaut hat, liegen die Opfer eines Contra\u00fcberfalls aufgebahrt, am Rande der Stra\u00dfe stehen die Wracks von durch Minen zerst\u00f6rte Lastwagen. Fast t\u00e4glich starben in dieser Region Menschen durch Minen und \u00dcberf\u00e4lle der Contra. Wie auch Tonio und Bernd, deren Tod einer der \u00dcberlebenden schildert.<\/p>\n<p>Eine DVD oder ein Download des Films kann \u00fcber info@rotermundfilm.de bestellt werden.<br \/>\nDie Kosten betragen:<br \/>\n&#8222;Nur f\u00fcr den privaten Gebrauch&#8220;:<br \/>\n25 Euro &amp; 3 Euro Versand (inklusive MWSt)<\/p>\n<p>&#8222;Mit dem Recht auf \u00f6ffentliche Vorf\u00fchrung&#8220;<br \/>\n50 Euro &amp; 3 Euro Versand (inklusive MWSt)<\/p>\n","protected":false},"excerpt":{"rendered":"<p>Briefe aus Wiwili (1987, 45 Minuten) Wiwili, eine Kleinstadt mit 7.000 Einwohnern im Norden von Nicaragua am Rio Coco, 20 km von der Grenze zu Honduras entfernt. Auf der anderen Seite der Grenze befanden sich die Lager der Contras, die von dort aus immer wieder in das Land einfielen, um die Siedlungen und Stra\u00dfen anzugreifen&#8230;.<\/p>\n","protected":false},"author":1,"featured_media":0,"parent":0,"menu_order":0,"comment_status":"closed","ping_status":"closed","template":"","meta":[],"_links":{"self":[{"href":"https:\/\/www.rotermundfilm.de\/index.php?rest_route=\/wp\/v2\/pages\/329"}],"collection":[{"href":"https:\/\/www.rotermundfilm.de\/index.php?rest_route=\/wp\/v2\/pages"}],"about":[{"href":"https:\/\/www.rotermundfilm.de\/index.php?rest_route=\/wp\/v2\/types\/page"}],"author":[{"embeddable":true,"href":"https:\/\/www.rotermundfilm.de\/index.php?rest_route=\/wp\/v2\/users\/1"}],"replies":[{"embeddable":true,"href":"https:\/\/www.rotermundfilm.de\/index.php?rest_route=%2Fwp%2Fv2%2Fcomments&post=329"}],"version-history":[{"count":6,"href":"https:\/\/www.rotermundfilm.de\/index.php?rest_route=\/wp\/v2\/pages\/329\/revisions"}],"predecessor-version":[{"id":1125,"href":"https:\/\/www.rotermundfilm.de\/index.php?rest_route=\/wp\/v2\/pages\/329\/revisions\/1125"}],"wp:attachment":[{"href":"https:\/\/www.rotermundfilm.de\/index.php?rest_route=%2Fwp%2Fv2%2Fmedia&parent=329"}],"curies":[{"name":"wp","href":"https:\/\/api.w.org\/{rel}","templated":true}]}}