{"id":317,"date":"2017-04-05T20:11:09","date_gmt":"2017-04-05T20:11:09","guid":{"rendered":"http:\/\/www.rotermundfilm.de\/?page_id=317"},"modified":"2024-03-28T12:33:16","modified_gmt":"2024-03-28T12:33:16","slug":"der-kampf-ums-land-2","status":"publish","type":"page","link":"https:\/\/www.rotermundfilm.de\/?page_id=317","title":{"rendered":"Der Kampf ums Land"},"content":{"rendered":"<p><strong>&#8222;Der Kampf ums Land&#8220; (42 Minuten)<\/strong><span style=\"font-size: small;\"><b><br \/>\n<\/b><\/span>Medienwerkstatt Freiburg 1991<\/p>\n<p><iframe loading=\"lazy\" src=\"https:\/\/www.youtube-nocookie.com\/embed\/7oVKWyiH97s?rel=0\" width=\"853\" height=\"450\" frameborder=\"0\" allowfullscreen=\"allowfullscreen\"><\/iframe><\/p>\n<p>Juni 1990 &#8211; in einem Festakt wurden die Waffen der Contra zur\u00fcckgegeben, zerst\u00f6rt und tief in der Erde vergraben. Selbst Contraf\u00fchrer Franklyn \u00fcberreichte als &#8222;letzter K\u00e4mpfer&#8220; mit den Worten &#8222;Auftrag erf\u00fcllt&#8220; eigenh\u00e4ndig sein Gewehr an Pr\u00e4sidentin Violeta Chamorro. &#8222;Adios den Waffen! Adios dem Krieg!&#8220;.<\/p>\n<p>Der Krieg ist zuende, aber die R\u00fcckkehr von tausenden demobilisierten Contra-Anh\u00e4ngern ins zivile Alltagsleben erfolgt nicht ohne Schwierigkeiten.<br \/>\nSommer 1991 &#8211; rund 200 Contrafamilien sind entschlossen, ihre Anspr\u00fcche notfalls auch mit Gewalt durchzusetzen. Sie kehtren nach 10 Jahren Kampf mit dem Bewu\u00dftsein der &#8222;Besieger des Sandinismus&#8220; zur\u00fcck und waren im Glauben, da\u00df durch sie die Regierungs\u00fcbernahme der U.N.O. erst m\u00f6glich war.<br \/>\nNun f\u00fchlen sie sich betrogen. Obwohl ihnen die Regierung Land und finanzielle Hilfe zugesichert hatte, stehen sie heute als Besitzlose vor dem Nichts. Um Druck auf die Regierung auszu\u00fcben besetzen sie Kooperativen und vertreiben die Campesinos.<br \/>\nIm Norden Nicaraguas haben sich Teile der Contra wiederbewaffnet, denen es um mehr geht als ums Land. Sie nennen sich Recontras und starteten in den letzten Monaten meist blutige Attacken.: Morde an Sandinisten, \u00dcberf\u00e4lle auf Agrargenossenschaften, Stra\u00dfenraub und Viehdiebstahl.<br \/>\nDer Konflikt wird zus\u00e4tzlich durch ehemalige Gro\u00dfgrundbesitzer aus der Somozazeit versch\u00e4rft, die Nicaragua nach der Revolution verlie\u00dfen und nun ihr Land zur\u00fcckfordern &#8211; Land, das seit \u00fcber 10 Jahren von Campesinos bearbeitet wird, die es inzwischen als ihr Eigentum ansehen und nicht bereit sind, es zur\u00fcckzugeben.<\/p>\n<p>Der Film l\u00e4\u00dft die, an diesem Konflikt Beteiligten, zu Wort kommen und schildert die derzeitige Situation im Norden von Nicaragua, die wieder von den sozialen Gegens\u00e4tzen zwische arm und reich, zwischen Campesinos und Gro\u00dfgrundbesitzern gepr\u00e4gt ist.<\/p>\n<p>Eine DVD oder ein Download des Films kann \u00fcber das Kontaktformular<br \/>\noder \u00fcber\u00a0<strong>info(at)rotermundfilm.<\/strong>de\u00a0bestellt werden.<\/p>\n<p><b>Die Kosten betragen:<\/b><br \/>\n&#8222;Nur f\u00fcr den privaten Gebrauch&#8220;:<br \/>\n25 Euro &amp; 3 Euro Versand (inklusive MWSt)<\/p>\n<p>&#8222;Mit dem Recht auf \u00f6ffentliche Vorf\u00fchrung&#8220;<br \/>\n50 Euro &amp; 3 Euro Versand (inklusive MWSt)<\/p>\n","protected":false},"excerpt":{"rendered":"<p>&#8222;Der Kampf ums Land&#8220; (42 Minuten) Medienwerkstatt Freiburg 1991 Juni 1990 &#8211; in einem Festakt wurden die Waffen der Contra zur\u00fcckgegeben, zerst\u00f6rt und tief in der Erde vergraben. Selbst Contraf\u00fchrer Franklyn \u00fcberreichte als &#8222;letzter K\u00e4mpfer&#8220; mit den Worten &#8222;Auftrag erf\u00fcllt&#8220; eigenh\u00e4ndig sein Gewehr an Pr\u00e4sidentin Violeta Chamorro. &#8222;Adios den Waffen! Adios dem Krieg!&#8220;. Der Krieg&#8230;<\/p>\n","protected":false},"author":1,"featured_media":0,"parent":0,"menu_order":0,"comment_status":"closed","ping_status":"closed","template":"","meta":[],"_links":{"self":[{"href":"https:\/\/www.rotermundfilm.de\/index.php?rest_route=\/wp\/v2\/pages\/317"}],"collection":[{"href":"https:\/\/www.rotermundfilm.de\/index.php?rest_route=\/wp\/v2\/pages"}],"about":[{"href":"https:\/\/www.rotermundfilm.de\/index.php?rest_route=\/wp\/v2\/types\/page"}],"author":[{"embeddable":true,"href":"https:\/\/www.rotermundfilm.de\/index.php?rest_route=\/wp\/v2\/users\/1"}],"replies":[{"embeddable":true,"href":"https:\/\/www.rotermundfilm.de\/index.php?rest_route=%2Fwp%2Fv2%2Fcomments&post=317"}],"version-history":[{"count":12,"href":"https:\/\/www.rotermundfilm.de\/index.php?rest_route=\/wp\/v2\/pages\/317\/revisions"}],"predecessor-version":[{"id":1128,"href":"https:\/\/www.rotermundfilm.de\/index.php?rest_route=\/wp\/v2\/pages\/317\/revisions\/1128"}],"wp:attachment":[{"href":"https:\/\/www.rotermundfilm.de\/index.php?rest_route=%2Fwp%2Fv2%2Fmedia&parent=317"}],"curies":[{"name":"wp","href":"https:\/\/api.w.org\/{rel}","templated":true}]}}