{"id":285,"date":"2017-04-05T18:59:33","date_gmt":"2017-04-05T18:59:33","guid":{"rendered":"http:\/\/www.rotermundfilm.de\/?page_id=285"},"modified":"2024-03-28T12:31:16","modified_gmt":"2024-03-28T12:31:16","slug":"das-verordnete-geschlecht","status":"publish","type":"page","link":"https:\/\/www.rotermundfilm.de\/?page_id=285","title":{"rendered":"Das verordnete Geschlecht"},"content":{"rendered":"<p><b><span style=\"font-size: x-large;\"><br \/>\n&#8222;Das verordnete Geschlecht&#8220; (60 min)<br \/>\n<\/span>&#8211; wie aus Zwittern M\u00e4nner und Frauen gemacht werden &#8211;<br \/>\n<\/b>Ein Film von Bertram Rotermund und Oliver Tolmein<\/p>\n<p><iframe loading=\"lazy\" src=\"https:\/\/www.youtube.com\/embed\/MN-hFIk-IFE?rel=0\" width=\"1280\" height=\"450\" frameborder=\"0\" allowfullscreen=\"allowfullscreen\"><\/iframe><\/p>\n<p>Intersexualit\u00e4t &#8211; f\u00fcr Mediziner ist es eine Krankheit, die sie heilen wollen. F\u00fcr die Betroffenen bedeutet das: Schwere Operationen mit irreversiblen Folgen von fr\u00fchester Kindheit an. Ihnen wird ein Geschlecht zugewiesen, sie d\u00fcrfen nie sie selbst sein. Eines von 2000 Kindern wird ohne eindeutige Geschlechtsmerkmale geboren. In den westlichen Industriegesellschaften ist die Existenz von Zwittern aber ein Tabu: Dass es nur zwei Geschlechter gibt, M\u00e4nner und Frauen, ist eine der grundlegenden gesellschaftlichen Normen, die nicht in Frage gestellt wird.<\/p>\n<p><img decoding=\"async\" loading=\"lazy\" class=\"size-full wp-image-287 aligncenter\" src=\"http:\/\/www.rotermundfilm.de\/wp-content\/uploads\/2017\/04\/Das-ver-Waldschmidt.jpg\" alt=\"\" width=\"720\" height=\"576\" srcset=\"https:\/\/www.rotermundfilm.de\/wp-content\/uploads\/2017\/04\/Das-ver-Waldschmidt.jpg 720w, https:\/\/www.rotermundfilm.de\/wp-content\/uploads\/2017\/04\/Das-ver-Waldschmidt-300x240.jpg 300w, https:\/\/www.rotermundfilm.de\/wp-content\/uploads\/2017\/04\/Das-ver-Waldschmidt-700x560.jpg 700w\" sizes=\"(max-width: 720px) 100vw, 720px\" \/><\/p>\n<p>Michel Reiter, der zum M\u00e4dchen gemacht wurde, und Elisabeth M\u00fcller, die genetisch, aber nicht hormonell, ein Mann ist, erz\u00e4hlen, welchen Preis sie daf\u00fcr zahlen mu\u00dften, dass die Vorstellungen der Gesellschaft von Normalit\u00e4t erhalten bleiben.<\/p>\n<p>\u201eDas verordnete Geschlecht\u201c ist ein Dokumentarfilm \u00fcber Geschlechter- und K\u00f6rperpolitik. Er zeigt wie gewaltt\u00e4tig sich der Zwang normal zu sein und die Logik des \u201eIst es nicht das Eine, muss es das Andere sein\u201c auswirken kann.<\/p>\n<h3><a href=\"http:\/\/www.rotermundfilm.de\/?page_id=841\"><strong>Kritiken zu dem Film<\/strong><\/a><\/h3>\n<p>Weitere Informationen: <a href=\"http:\/\/www.das-verordnete-geschlecht.de\">www.das-verordnete-Geschlecht.de<\/a><\/p>\n<p>Eine DVD oder ein Download des Films kann \u00fcber das Kontaktformular<br \/>\noder \u00fcber info(at)rotermundfilm.de bestellt werden.<\/p>\n<p><b>Die Kosten betragen<\/b>:<br \/>\n&#8222;Nur f\u00fcr den privaten Gebrauch&#8220;:<br \/>\n35 Euro &amp; 3 Euro Versand (inklusive MWSt)<\/p>\n<p>&#8222;Mit dem Recht auf \u00f6ffentliche Vorf\u00fchrung&#8220;<br \/>\n65 Euro &amp; 3 Euro Versand (inklusive MWSt)<\/p>\n","protected":false},"excerpt":{"rendered":"<p>&#8222;Das verordnete Geschlecht&#8220; (60 min) &#8211; wie aus Zwittern M\u00e4nner und Frauen gemacht werden &#8211; Ein Film von Bertram Rotermund und Oliver Tolmein Intersexualit\u00e4t &#8211; f\u00fcr Mediziner ist es eine Krankheit, die sie heilen wollen. F\u00fcr die Betroffenen bedeutet das: Schwere Operationen mit irreversiblen Folgen von fr\u00fchester Kindheit an. Ihnen wird ein Geschlecht zugewiesen, sie&#8230;<\/p>\n","protected":false},"author":1,"featured_media":0,"parent":0,"menu_order":0,"comment_status":"closed","ping_status":"closed","template":"","meta":[],"_links":{"self":[{"href":"https:\/\/www.rotermundfilm.de\/index.php?rest_route=\/wp\/v2\/pages\/285"}],"collection":[{"href":"https:\/\/www.rotermundfilm.de\/index.php?rest_route=\/wp\/v2\/pages"}],"about":[{"href":"https:\/\/www.rotermundfilm.de\/index.php?rest_route=\/wp\/v2\/types\/page"}],"author":[{"embeddable":true,"href":"https:\/\/www.rotermundfilm.de\/index.php?rest_route=\/wp\/v2\/users\/1"}],"replies":[{"embeddable":true,"href":"https:\/\/www.rotermundfilm.de\/index.php?rest_route=%2Fwp%2Fv2%2Fcomments&post=285"}],"version-history":[{"count":19,"href":"https:\/\/www.rotermundfilm.de\/index.php?rest_route=\/wp\/v2\/pages\/285\/revisions"}],"predecessor-version":[{"id":1126,"href":"https:\/\/www.rotermundfilm.de\/index.php?rest_route=\/wp\/v2\/pages\/285\/revisions\/1126"}],"wp:attachment":[{"href":"https:\/\/www.rotermundfilm.de\/index.php?rest_route=%2Fwp%2Fv2%2Fmedia&parent=285"}],"curies":[{"name":"wp","href":"https:\/\/api.w.org\/{rel}","templated":true}]}}