{"id":280,"date":"2017-04-05T16:19:11","date_gmt":"2017-04-05T16:19:11","guid":{"rendered":"http:\/\/www.rotermundfilm.de\/?page_id=280"},"modified":"2022-12-06T18:31:15","modified_gmt":"2022-12-06T18:31:15","slug":"startseite","status":"publish","type":"page","link":"https:\/\/www.rotermundfilm.de\/","title":{"rendered":"Dokumentarfilme"},"content":{"rendered":"<h4 style=\"text-align: center;\"><\/h4>\n<div id='gallery-1' class='gallery galleryid-280 gallery-columns-7 gallery-size-thumbnail'><figure class='gallery-item'>\n\t\t\t<div class='gallery-icon landscape'>\n\t\t\t\t<a href='https:\/\/www.rotermundfilm.de\/wp-content\/uploads\/2017\/04\/Das-ver-Waldschmidt.jpg'><img width=\"150\" height=\"150\" src=\"https:\/\/www.rotermundfilm.de\/wp-content\/uploads\/2017\/04\/Das-ver-Waldschmidt-150x150.jpg\" class=\"attachment-thumbnail size-thumbnail\" alt=\"\" decoding=\"async\" loading=\"lazy\" aria-describedby=\"gallery-1-287\" \/><\/a>\n\t\t\t<\/div>\n\t\t\t\t<figcaption class='wp-caption-text gallery-caption' id='gallery-1-287'>\n\t\t\t\tDas verordnete Geschlecht\n\t\t\t\t<\/figcaption><\/figure><figure class='gallery-item'>\n\t\t\t<div class='gallery-icon landscape'>\n\t\t\t\t<a href='https:\/\/www.rotermundfilm.de\/wp-content\/uploads\/2017\/04\/Folie07.jpg'><img width=\"150\" height=\"150\" src=\"https:\/\/www.rotermundfilm.de\/wp-content\/uploads\/2017\/04\/Folie07-150x150.jpg\" class=\"attachment-thumbnail size-thumbnail\" alt=\"\" decoding=\"async\" loading=\"lazy\" aria-describedby=\"gallery-1-596\" \/><\/a>\n\t\t\t<\/div>\n\t\t\t\t<figcaption class='wp-caption-text gallery-caption' id='gallery-1-596'>\n\t\t\t\tGeisterfahrer &#8211; eine utopische Kolportage\n\t\t\t\t<\/figcaption><\/figure><figure class='gallery-item'>\n\t\t\t<div class='gallery-icon portrait'>\n\t\t\t\t<a href='https:\/\/www.rotermundfilm.de\/wp-content\/uploads\/2017\/04\/Weschpenescht.jpg'><img width=\"150\" height=\"150\" src=\"https:\/\/www.rotermundfilm.de\/wp-content\/uploads\/2017\/04\/Weschpenescht-150x150.jpg\" class=\"attachment-thumbnail size-thumbnail\" alt=\"\" decoding=\"async\" loading=\"lazy\" aria-describedby=\"gallery-1-410\" \/><\/a>\n\t\t\t<\/div>\n\t\t\t\t<figcaption class='wp-caption-text gallery-caption' id='gallery-1-410'>\n\t\t\t\tS\u00b4Weschepen\u00e4scht\n\t\t\t\t<\/figcaption><\/figure><figure class='gallery-item'>\n\t\t\t<div class='gallery-icon landscape'>\n\t\t\t\t<a href='https:\/\/www.rotermundfilm.de\/wp-content\/uploads\/2017\/04\/Den-Nazis-IKH-1930.jpg'><img width=\"150\" height=\"150\" src=\"https:\/\/www.rotermundfilm.de\/wp-content\/uploads\/2017\/04\/Den-Nazis-IKH-1930-150x150.jpg\" class=\"attachment-thumbnail size-thumbnail\" alt=\"\" decoding=\"async\" loading=\"lazy\" aria-describedby=\"gallery-1-219\" \/><\/a>\n\t\t\t<\/div>\n\t\t\t\t<figcaption class='wp-caption-text gallery-caption' id='gallery-1-219'>\n\t\t\t\tDen Nazis ein Dorn im Auge\n\t\t\t\t<\/figcaption><\/figure><figure class='gallery-item'>\n\t\t\t<div class='gallery-icon landscape'>\n\t\t\t\t<a href='https:\/\/www.rotermundfilm.de\/wp-content\/uploads\/2017\/04\/Muu12.jpg'><img width=\"150\" height=\"150\" src=\"https:\/\/www.rotermundfilm.de\/wp-content\/uploads\/2017\/04\/Muu12-150x150.jpg\" class=\"attachment-thumbnail size-thumbnail\" alt=\"\" decoding=\"async\" loading=\"lazy\" aria-describedby=\"gallery-1-223\" \/><\/a>\n\t\t\t<\/div>\n\t\t\t\t<figcaption class='wp-caption-text gallery-caption' id='gallery-1-223'>\n\t\t\t\tMitten unter uns\n\t\t\t\t<\/figcaption><\/figure><figure class='gallery-item'>\n\t\t\t<div class='gallery-icon landscape'>\n\t\t\t\t<a href='https:\/\/www.rotermundfilm.de\/wp-content\/uploads\/2017\/04\/Radikal.jpg'><img width=\"150\" height=\"150\" src=\"https:\/\/www.rotermundfilm.de\/wp-content\/uploads\/2017\/04\/Radikal-150x150.jpg\" class=\"attachment-thumbnail size-thumbnail\" alt=\"\" decoding=\"async\" loading=\"lazy\" aria-describedby=\"gallery-1-374\" \/><\/a>\n\t\t\t<\/div>\n\t\t\t\t<figcaption class='wp-caption-text gallery-caption' id='gallery-1-374'>\n\t\t\t\tHappy Birthday Haftbefehl\n\t\t\t\t<\/figcaption><\/figure><figure class='gallery-item'>\n\t\t\t<div class='gallery-icon landscape'>\n\t\t\t\t<a href='https:\/\/www.rotermundfilm.de\/wp-content\/uploads\/2017\/04\/Passt_bloss_auf.jpg'><img width=\"150\" height=\"150\" src=\"https:\/\/www.rotermundfilm.de\/wp-content\/uploads\/2017\/04\/Passt_bloss_auf-150x150.jpg\" class=\"attachment-thumbnail size-thumbnail\" alt=\"\" decoding=\"async\" loading=\"lazy\" aria-describedby=\"gallery-1-418\" \/><\/a>\n\t\t\t<\/div>\n\t\t\t\t<figcaption class='wp-caption-text gallery-caption' id='gallery-1-418'>\n\t\t\t\tPa\u00dft blo\u00df auf\n\t\t\t\t<\/figcaption><\/figure><figure class='gallery-item'>\n\t\t\t<div class='gallery-icon landscape'>\n\t\t\t\t<a href='https:\/\/www.rotermundfilm.de\/wp-content\/uploads\/2017\/04\/Freiburg-Wiwili.jpg'><img width=\"150\" height=\"150\" src=\"https:\/\/www.rotermundfilm.de\/wp-content\/uploads\/2017\/04\/Freiburg-Wiwili-150x150.jpg\" class=\"attachment-thumbnail size-thumbnail\" alt=\"\" decoding=\"async\" loading=\"lazy\" aria-describedby=\"gallery-1-290\" \/><\/a>\n\t\t\t<\/div>\n\t\t\t\t<figcaption class='wp-caption-text gallery-caption' id='gallery-1-290'>\n\t\t\t\tFreiburg Wiwili\n\t\t\t\t<\/figcaption><\/figure><figure class='gallery-item'>\n\t\t\t<div class='gallery-icon landscape'>\n\t\t\t\t<a href='https:\/\/www.rotermundfilm.de\/wp-content\/uploads\/2017\/04\/Griff-ins-Gehirn.jpg'><img width=\"150\" height=\"150\" src=\"https:\/\/www.rotermundfilm.de\/wp-content\/uploads\/2017\/04\/Griff-ins-Gehirn-150x150.jpg\" class=\"attachment-thumbnail size-thumbnail\" alt=\"\" decoding=\"async\" loading=\"lazy\" aria-describedby=\"gallery-1-387\" \/><\/a>\n\t\t\t<\/div>\n\t\t\t\t<figcaption class='wp-caption-text gallery-caption' id='gallery-1-387'>\n\t\t\t\tDer Griff ins Gehirn\n\t\t\t\t<\/figcaption><\/figure><figure class='gallery-item'>\n\t\t\t<div class='gallery-icon landscape'>\n\t\t\t\t<a href='https:\/\/www.rotermundfilm.de\/wp-content\/uploads\/2017\/04\/heimliche-Menschen.jpg'><img width=\"150\" height=\"150\" src=\"https:\/\/www.rotermundfilm.de\/wp-content\/uploads\/2017\/04\/heimliche-Menschen-150x150.jpg\" class=\"attachment-thumbnail size-thumbnail\" alt=\"\" decoding=\"async\" loading=\"lazy\" aria-describedby=\"gallery-1-366\" \/><\/a>\n\t\t\t<\/div>\n\t\t\t\t<figcaption class='wp-caption-text gallery-caption' id='gallery-1-366'>\n\t\t\t\tHeimliche Menschen\n\t\t\t\t<\/figcaption><\/figure><figure class='gallery-item'>\n\t\t\t<div class='gallery-icon landscape'>\n\t\t\t\t<a href='https:\/\/www.rotermundfilm.de\/wp-content\/uploads\/2017\/04\/Der-Kampf-ums-Land.jpg'><img width=\"150\" height=\"150\" src=\"https:\/\/www.rotermundfilm.de\/wp-content\/uploads\/2017\/04\/Der-Kampf-ums-Land-150x150.jpg\" class=\"attachment-thumbnail size-thumbnail\" alt=\"\" decoding=\"async\" loading=\"lazy\" aria-describedby=\"gallery-1-289\" \/><\/a>\n\t\t\t<\/div>\n\t\t\t\t<figcaption class='wp-caption-text gallery-caption' id='gallery-1-289'>\n\t\t\t\tDer Kampf ums Land\n\t\t\t\t<\/figcaption><\/figure><figure class='gallery-item'>\n\t\t\t<div class='gallery-icon landscape'>\n\t\t\t\t<a href='https:\/\/www.rotermundfilm.de\/wp-content\/uploads\/2017\/04\/Awassa-1.jpg'><img width=\"150\" height=\"150\" src=\"https:\/\/www.rotermundfilm.de\/wp-content\/uploads\/2017\/04\/Awassa-1-150x150.jpg\" class=\"attachment-thumbnail size-thumbnail\" alt=\"\" decoding=\"async\" loading=\"lazy\" aria-describedby=\"gallery-1-221\" \/><\/a>\n\t\t\t<\/div>\n\t\t\t\t<figcaption class='wp-caption-text gallery-caption' id='gallery-1-221'>\n\t\t\t\tZukunft schenken\n\t\t\t\t<\/figcaption><\/figure><figure class='gallery-item'>\n\t\t\t<div class='gallery-icon landscape'>\n\t\t\t\t<a href='https:\/\/www.rotermundfilm.de\/wp-content\/uploads\/2017\/04\/Ausgrenzen-Abschieben.jpg'><img width=\"150\" height=\"150\" src=\"https:\/\/www.rotermundfilm.de\/wp-content\/uploads\/2017\/04\/Ausgrenzen-Abschieben-150x150.jpg\" class=\"attachment-thumbnail size-thumbnail\" alt=\"\" decoding=\"async\" loading=\"lazy\" aria-describedby=\"gallery-1-382\" \/><\/a>\n\t\t\t<\/div>\n\t\t\t\t<figcaption class='wp-caption-text gallery-caption' id='gallery-1-382'>\n\t\t\t\tAusgrenzen &#8211; Abschieben\n\t\t\t\t<\/figcaption><\/figure><figure class='gallery-item'>\n\t\t\t<div class='gallery-icon landscape'>\n\t\t\t\t<a href='https:\/\/www.rotermundfilm.de\/wp-content\/uploads\/2017\/04\/Manchmal_traume_ich-e1491477934896.jpg'><img width=\"150\" height=\"150\" src=\"https:\/\/www.rotermundfilm.de\/wp-content\/uploads\/2017\/04\/Manchmal_traume_ich-150x150.jpg\" class=\"attachment-thumbnail size-thumbnail\" alt=\"\" decoding=\"async\" loading=\"lazy\" aria-describedby=\"gallery-1-355\" \/><\/a>\n\t\t\t<\/div>\n\t\t\t\t<figcaption class='wp-caption-text gallery-caption' id='gallery-1-355'>\n\t\t\t\tManchmal tr\u00e4ume ich noch davon\n\t\t\t\t<\/figcaption><\/figure>\n\t\t<\/div>\n\n<h3 style=\"text-align: center;\">Dokumentarfilme zu politischen, historischen, sozialen und ethischen Themen<\/h3>\n<h2 style=\"text-align: center;\">&#8212;&#8212;&#8212;&#8212;&#8212;&#8212;&#8212;&#8212;&#8212;&#8212;&#8212;<\/h2>\n<h4 style=\"text-align: center;\" data-block=\"true\" data-editor=\"79a4t\" data-offset-key=\"3g798-0-0\">Wir haben am 2.Dezember 2022 den Reinhold-Schneider<br \/>\nEhrenpreis der Stadt Freiburg verliehen bekommen.<\/h4>\n<h2 style=\"text-align: center;\" data-block=\"true\" data-editor=\"79a4t\" data-offset-key=\"3g798-0-0\"><img decoding=\"async\" loading=\"lazy\" class=\" wp-image-1056 aligncenter\" src=\"http:\/\/www.rotermundfilm.de\/wp-content\/uploads\/2022\/12\/Ehrenpreis-der-Stadt-Freiburg-219x300.jpg\" alt=\"\" width=\"595\" height=\"816\" srcset=\"https:\/\/www.rotermundfilm.de\/wp-content\/uploads\/2022\/12\/Ehrenpreis-der-Stadt-Freiburg-219x300.jpg 219w, https:\/\/www.rotermundfilm.de\/wp-content\/uploads\/2022\/12\/Ehrenpreis-der-Stadt-Freiburg.jpg 612w\" sizes=\"(max-width: 595px) 100vw, 595px\" \/><\/h2>\n<div class=\"\" data-block=\"true\" data-editor=\"79a4t\" data-offset-key=\"dp5bk-0-0\">\n<div data-offset-key=\"dp5bk-0-0\"><\/div>\n<\/div>\n<h3>.<\/h3>\n<h3>.<\/h3>\n<h3>.<\/h3>\n<h3>.<\/h3>\n<h3>.<\/h3>\n<h4 style=\"text-align: center;\">Die \u00a0Premiere des Films &#8222;bis die Gestapo kam&#8220; fand<br \/>\nam 21.01.2020 im KINO 3001 in Hamburg statt.<\/h4>\n<h2 style=\"text-align: center;\">Bis die Gestapo kam\u2026.<span class=\"Apple-converted-space\">\u00a0 <\/span>(2020, 60Minuten)<br \/>\n&#8211; Das \u201eChinesenviertel\u201c in St. Pauli &#8211;<\/h2>\n<h4 style=\"text-align: center;\"><strong>von Bertram Rotermund und Rudolf Simon<\/strong><br \/>\n<strong>in Kooperation mit dem St.Pauli-Archiv<\/strong><br \/>\n<strong>Gef\u00f6rdert von der Landeszentrale f\u00fcr Politische Bildung Hamburg<\/strong><\/h4>\n<p><img decoding=\"async\" loading=\"lazy\" class=\"alignleft size-full wp-image-857\" src=\"http:\/\/www.rotermundfilm.de\/wp-content\/uploads\/2020\/01\/Einladungskarte.jpg\" alt=\"\" width=\"627\" height=\"818\" srcset=\"https:\/\/www.rotermundfilm.de\/wp-content\/uploads\/2020\/01\/Einladungskarte.jpg 627w, https:\/\/www.rotermundfilm.de\/wp-content\/uploads\/2020\/01\/Einladungskarte-230x300.jpg 230w\" sizes=\"(max-width: 627px) 100vw, 627px\" \/><\/p>\n<p>Sucht man nach den Anf\u00e4ngen chinesischen Lebens in Hamburg, so findet man zun\u00e4chst nicht mehr als eine Gedenktafel in der Schmuckstra\u00dfe auf St. Pauli. Mitten auf dem Hamburger Kiez, zwischen Talstra\u00dfe und Gro\u00dfer Freiheit gab es bereits in den zwanziger Jahren ein \u201eChinesenviertel\u201c.\u00a0Nach dem Ersten Weltkrieg hatten sich dort einige hundert Chinesen, meist ehemalige Seeleute, niedergelassen, mit kleinen L\u00e4den, W\u00e4schereien und Gastst\u00e4tten im Souterrain. In Altona geh\u00f6rten die Chinesen zum internationalen Schmelztiegel des bunten Hafenviertels.<\/p>\n<p>Von den Beh\u00f6rden wurden sie allerdings meist distanziert als fremdartig oder gar bedrohlich wahrgenommen: Ger\u00fcchte von \u201eOpiumh\u00f6hlen\u201c und zwielichtiger \u201eUnterwelt\u201c kursierten, Polizeiaktionen und rassistische Diskriminierung waren an der Tagesordnung, auch wenn die exotisch fremde Atmosph\u00e4re der \u201eChinesen-Gasse\u201c manchen St.-Pauli-Flaneur faszinierte.<\/p>\n<p>W\u00e4hrend des Dritten Reiches gerieten die Hamburger Chinesen zunehmend in den Blick der Beh\u00f6rden, wurden verfolgt, interniert oder ausgewiesen. Am 13. Mai 1944 f\u00fchrte die Gestapo schlie\u00dflich eine \u201eChinesenaktion\u201c durch, bei der 130 chinesische M\u00e4nner festgenommen, misshandelt und monatelang im Arbeitserziehunglager \u201eLanger Morgen\u201c im Hamburger Hafen inhaftiert wurden.<\/p>\n<p>Das war das Ende des \u201eChinesenviertels\u201c auf St. Pauli.<\/p>\n<p>Der Film begibt sich auf Spurensuche und spricht mit vielen Zeitzeug*innen, die sehr eindr\u00fccklich von ihren Erlebnissen und Erinnerungen an die chinesische Community in St.Pauli der Kriegs- und Nachkriegszeit berichten.<\/p>\n<p>Weitere Termine auf: www.rotermundfilm.de<\/p>\n<p>Eine DVD des Films kann per email: \u00a0 <strong>info@rotermundfilm.de<\/strong> bestellt werden.<br \/>\nKosten: 25\u20ac und 3\u20ac Versandkosten<\/p>\n","protected":false},"excerpt":{"rendered":"<p>Dokumentarfilme zu politischen, historischen, sozialen und ethischen Themen &#8212;&#8212;&#8212;&#8212;&#8212;&#8212;&#8212;&#8212;&#8212;&#8212;&#8212; Wir haben am 2.Dezember 2022 den Reinhold-Schneider Ehrenpreis der Stadt Freiburg verliehen bekommen. . . . . . Die \u00a0Premiere des Films &#8222;bis die Gestapo kam&#8220; fand am 21.01.2020 im KINO 3001 in Hamburg statt. Bis die Gestapo kam\u2026.\u00a0 (2020, 60Minuten) &#8211; Das \u201eChinesenviertel\u201c in St&#8230;.<\/p>\n","protected":false},"author":1,"featured_media":0,"parent":0,"menu_order":0,"comment_status":"closed","ping_status":"closed","template":"fullwidth.php","meta":[],"_links":{"self":[{"href":"https:\/\/www.rotermundfilm.de\/index.php?rest_route=\/wp\/v2\/pages\/280"}],"collection":[{"href":"https:\/\/www.rotermundfilm.de\/index.php?rest_route=\/wp\/v2\/pages"}],"about":[{"href":"https:\/\/www.rotermundfilm.de\/index.php?rest_route=\/wp\/v2\/types\/page"}],"author":[{"embeddable":true,"href":"https:\/\/www.rotermundfilm.de\/index.php?rest_route=\/wp\/v2\/users\/1"}],"replies":[{"embeddable":true,"href":"https:\/\/www.rotermundfilm.de\/index.php?rest_route=%2Fwp%2Fv2%2Fcomments&post=280"}],"version-history":[{"count":110,"href":"https:\/\/www.rotermundfilm.de\/index.php?rest_route=\/wp\/v2\/pages\/280\/revisions"}],"predecessor-version":[{"id":1059,"href":"https:\/\/www.rotermundfilm.de\/index.php?rest_route=\/wp\/v2\/pages\/280\/revisions\/1059"}],"wp:attachment":[{"href":"https:\/\/www.rotermundfilm.de\/index.php?rest_route=%2Fwp%2Fv2%2Fmedia&parent=280"}],"curies":[{"name":"wp","href":"https:\/\/api.w.org\/{rel}","templated":true}]}}