{"id":265,"date":"2017-04-05T14:31:41","date_gmt":"2017-04-05T14:31:41","guid":{"rendered":"http:\/\/www.rotermundfilm.de\/?page_id=265"},"modified":"2024-04-08T19:33:44","modified_gmt":"2024-04-08T19:33:44","slug":"zukunft-schenken","status":"publish","type":"page","link":"https:\/\/www.rotermundfilm.de\/?page_id=265","title":{"rendered":"Zukunft schenken"},"content":{"rendered":"<h4><strong>\u201eZUKUNFT SCHENKEN\u201c (2012, 33Min)<\/strong><br \/>\nDas \u201eAwassa Children Center\u201c in Awassa\/\u00c4thiopien<\/h4>\n<p>Das Awassa Children Center existiert seit 1999, gegr\u00fcndet von Aster Bekele-Dabels, einer \u00c4thiopierin, die in Awassa geboren wurde und viele Jahre in Kirchzarten gelebt hat. 97 Kinder im Alter von 2 bis 18 Jahren werden vom Awassa Childrens Center versorgt.<\/p>\n<p><img decoding=\"async\" loading=\"lazy\" class=\"wp-image-221 alignnone\" src=\"http:\/\/www.rotermundfilm.de\/wp-content\/uploads\/2017\/04\/Awassa-1.jpg\" alt=\"\" width=\"669\" height=\"445\" srcset=\"https:\/\/www.rotermundfilm.de\/wp-content\/uploads\/2017\/04\/Awassa-1.jpg 320w, https:\/\/www.rotermundfilm.de\/wp-content\/uploads\/2017\/04\/Awassa-1-300x200.jpg 300w\" sizes=\"(max-width: 669px) 100vw, 669px\" \/>Kinder des Awassa Children Center<\/p>\n<p>Die Kinder sind, mit einer Ausnahme, alle Vollwaisen. Alleine in Awassa, so sch\u00e4tzt man, leben \u00fcber 5.000 Waisenkinder auf der Stra\u00dfe. Malaria, AIDS\/HIV, Atemwegentz\u00fcndungen sind die h\u00e4ufigsten Todesursachen, Mangelern\u00e4hrung tut ihr \u00dcbriges. Die meisten Familien sind \u00f6konomisch nicht in der Lage, f\u00fcr ein weiteres Kind zu sorgen, wenn es seine Eltern verloren hat. Die 97 Kinder bekommen im Awassa Childrens Center eine neue (Gro\u00df-)Familie. Sie bekommen zu Essen, schlafen in von den F\u00f6rdervereinen finanzierten Wohn- und Schlafh\u00e4usern (die Kleinen zu zweit in einem Bett, die Gr\u00f6\u00dferen jeweils im eigenen Bett), werden von einer Krankenschwester medizinisch versorgt und in Hygienefragen, Verh\u00fctung und AIDS-Pr\u00e4vention unterrichtet. Die SozialarbeiterInnen helfen bei der emotionalen Stabilisierung der oftmals traumatisierten Kinder.<\/p>\n<p>Schule<br \/>\nDas Center erm\u00f6glicht den Kindern den Schulbesuch und sorgt f\u00fcr ihre Unterkunft, Ern\u00e4hrung, Kleidung und Ausbildung. Alle Kinder und Jugendlichen besuchen entweder \u00f6ffentliche oder private Schulen in Awassa. Da die Schulen \u00fcber gro\u00dfe Klassen und teilweise unzureichend ausgebildete Lehrer verf\u00fcgen, erhalten sie im Center erg\u00e4nzenden Unterricht. Das Center unterst\u00fctzt die Kinder geggebenenfalls auch noch bei der weiterf\u00fchrenden Ausbildung, wie College und Universit\u00e4t.<\/p>\n<p>Berufsausbildungsprojekt<br \/>\nWer im Land unterwegs ist, sieht allerorts Entwicklungsbedarf, unter anderem im Bereich der handwerklichen Berufsausbildung. Bei der Entwicklung des Centers wurde deutlich, dass die Kinder nicht nur eine Schulausbildung ben\u00f6tigen, sondern die Heranwachsenden auch eine berufliche Ausbildung brauchen, um sich sp\u00e4ter eine Existenzgrundlage zu sichern. Derzeit gibt es eine Metall- Elektro- und eine Holzwerkstatt sowie die M\u00f6glichkeit, grundlegende Computerkenntnisse zu erwerben. Seit 2011 werden auch Solartechniker ausgebildet.<br \/>\nVon den gut 600 Jugendlichen, die seit 2006 bei uns eine Ausbildung abgeschlossen haben, haben \u00fcber 95% eine Arbeitsstelle gefunden oder sich einzeln oder als Teil einer Kooperative selbst\u00e4ndig gemacht.<\/p>\n<p>Weitere Infos:&nbsp;<a href=\"http:\/\/www.awassa.de\/\">http:\/\/www.awassa.de<\/a><\/p>\n<p>Eine DVD oder ein Download des Films kann \u00fcber das Kontaktformular<br \/>\noder \u00fcber info(@)rotermundfilm.de&nbsp;bestellt werden.<\/p>\n<p>Die Kosten betragen:<br \/>\n\u201eNur f\u00fcr den privaten Gebrauch\u201c:<br \/>\n25 Euro &amp; 3 Euro Versand (inklusive MWSt)<\/p>\n<p>\u201eMit dem Recht auf \u00f6ffentliche Vorf\u00fchrung\u201c<br \/>\n50 Euro &amp; 3 Euro Versand (inklusive MWSt)<\/p>\n","protected":false},"excerpt":{"rendered":"<p>\u201eZUKUNFT SCHENKEN\u201c (2012, 33Min) Das \u201eAwassa Children Center\u201c in Awassa\/\u00c4thiopien Das Awassa Children Center existiert seit 1999, gegr\u00fcndet von Aster Bekele-Dabels, einer \u00c4thiopierin, die in Awassa geboren wurde und viele Jahre in Kirchzarten gelebt hat. 97 Kinder im Alter von 2 bis 18 Jahren werden vom Awassa Childrens Center versorgt. Kinder des Awassa Children Center&#8230;<\/p>\n","protected":false},"author":1,"featured_media":0,"parent":0,"menu_order":0,"comment_status":"closed","ping_status":"closed","template":"","meta":[],"_links":{"self":[{"href":"https:\/\/www.rotermundfilm.de\/index.php?rest_route=\/wp\/v2\/pages\/265"}],"collection":[{"href":"https:\/\/www.rotermundfilm.de\/index.php?rest_route=\/wp\/v2\/pages"}],"about":[{"href":"https:\/\/www.rotermundfilm.de\/index.php?rest_route=\/wp\/v2\/types\/page"}],"author":[{"embeddable":true,"href":"https:\/\/www.rotermundfilm.de\/index.php?rest_route=\/wp\/v2\/users\/1"}],"replies":[{"embeddable":true,"href":"https:\/\/www.rotermundfilm.de\/index.php?rest_route=%2Fwp%2Fv2%2Fcomments&post=265"}],"version-history":[{"count":8,"href":"https:\/\/www.rotermundfilm.de\/index.php?rest_route=\/wp\/v2\/pages\/265\/revisions"}],"predecessor-version":[{"id":1167,"href":"https:\/\/www.rotermundfilm.de\/index.php?rest_route=\/wp\/v2\/pages\/265\/revisions\/1167"}],"wp:attachment":[{"href":"https:\/\/www.rotermundfilm.de\/index.php?rest_route=%2Fwp%2Fv2%2Fmedia&parent=265"}],"curies":[{"name":"wp","href":"https:\/\/api.w.org\/{rel}","templated":true}]}}