{"id":230,"date":"2017-04-05T12:37:24","date_gmt":"2017-04-05T12:37:24","guid":{"rendered":"http:\/\/www.rotermundfilm.de\/?page_id=230"},"modified":"2024-03-28T12:32:10","modified_gmt":"2024-03-28T12:32:10","slug":"den-nazis-ein-dorn-im-auge","status":"publish","type":"page","link":"https:\/\/www.rotermundfilm.de\/?page_id=230","title":{"rendered":"Den Nazis ein Dorn im Auge"},"content":{"rendered":"<p><strong>\u201eDen Nazis ein Dorn im Auge\u201c<\/strong>\u00a0(45 Min)<br \/>\nDas Israelitische Krankenhaus (Hamburg St. Pauli) im Nationalsozialismus<br \/>\nEin Film von Bertram Rotermund und Rudolf Simon<\/p>\n<p><iframe loading=\"lazy\" src=\"https:\/\/www.youtube.com\/embed\/U75PoH6ylxc?rel=0\" width=\"853\" height=\"450\" frameborder=\"0\" allowfullscreen=\"allowfullscreen\"><\/iframe><\/p>\n<p>Nur wenigen HamburgerInnen ist bekannt, dass sich im heutigen Ortsamt St. Pauli\u00a0in der Simon-von-Utrecht-Stra\u00dfe von 1843 bis 1939 das J\u00fcdische Krankenhaus befand.<br \/>\nEs stand allen Menschen unabh\u00e4ngig von Herkunft und Religion offen, vor 1933 waren\u00a0fasst 70 % der PatientInnen nicht j\u00fcdisch.<br \/>\nDieses Krankenhaus war weit \u00fcber die Grenzen St. Paulis aufgrund seiner guten medizinischen Versorgung\u00a0hinaus beliebt und geachtet.\u00a0Ab 1933 wurde es von den Nationalsozialisten systematisch demontiert und 1939 geschlossen.<\/p>\n<p><img decoding=\"async\" loading=\"lazy\" class=\"wp-image-219 alignnone\" src=\"http:\/\/www.rotermundfilm.de\/wp-content\/uploads\/2017\/04\/Den-Nazis-IKH-1930-700x427.jpg\" alt=\"\" width=\"738\" height=\"450\" srcset=\"https:\/\/www.rotermundfilm.de\/wp-content\/uploads\/2017\/04\/Den-Nazis-IKH-1930-700x427.jpg 700w, https:\/\/www.rotermundfilm.de\/wp-content\/uploads\/2017\/04\/Den-Nazis-IKH-1930-300x183.jpg 300w, https:\/\/www.rotermundfilm.de\/wp-content\/uploads\/2017\/04\/Den-Nazis-IKH-1930-768x468.jpg 768w, https:\/\/www.rotermundfilm.de\/wp-content\/uploads\/2017\/04\/Den-Nazis-IKH-1930-800x488.jpg 800w, https:\/\/www.rotermundfilm.de\/wp-content\/uploads\/2017\/04\/Den-Nazis-IKH-1930.jpg 1890w\" sizes=\"(max-width: 738px) 100vw, 738px\" \/>Das Israelitische Krankenhaus in St.Pauli in den 30iger Jahren<\/p>\n<p>ZeitzeugInnen, deren Angeh\u00f6rige und HistorikerInnen schildern in Interviews diesen Prozess\u00a0der Dem\u00fctigung, Entrechtung, Vertreibung und Ermordung von PatientInnen und MitarbeiterInnen.<br \/>\nDer Dokumentarfilm wurde von der Landeszentrale f\u00fcr politische Bildung gef\u00f6rdert.<\/p>\n<p><img decoding=\"async\" loading=\"lazy\" class=\"wp-image-220 alignnone\" src=\"http:\/\/www.rotermundfilm.de\/wp-content\/uploads\/2017\/04\/Den-Nazis-Krankenschwestern-700x358.jpg\" width=\"741\" height=\"379\" srcset=\"https:\/\/www.rotermundfilm.de\/wp-content\/uploads\/2017\/04\/Den-Nazis-Krankenschwestern-700x358.jpg 700w, https:\/\/www.rotermundfilm.de\/wp-content\/uploads\/2017\/04\/Den-Nazis-Krankenschwestern-300x154.jpg 300w, https:\/\/www.rotermundfilm.de\/wp-content\/uploads\/2017\/04\/Den-Nazis-Krankenschwestern-768x393.jpg 768w, https:\/\/www.rotermundfilm.de\/wp-content\/uploads\/2017\/04\/Den-Nazis-Krankenschwestern-800x409.jpg 800w, https:\/\/www.rotermundfilm.de\/wp-content\/uploads\/2017\/04\/Den-Nazis-Krankenschwestern.jpg 1948w\" sizes=\"(max-width: 741px) 100vw, 741px\" \/>Krankenschwestern des Israelitischen Krankenhaus<\/p>\n<h2><strong>Presse und Texte<\/strong><\/h2>\n<p style=\"text-align: left;\"><a href=\"http:\/\/www.rotermundfilm.de\/wp-content\/uploads\/2017\/04\/Hamburger-Abendblatt-vom-7.9.2016.pdf\" target=\"_blank\" rel=\"noopener noreferrer\">Hamburger Abendblatt vom 7.9.2016<br \/>\n<\/a><a href=\"http:\/\/www.rotermundfilm.de\/wp-content\/uploads\/2017\/04\/Tageszeitung-TAZ.pdf\" target=\"_blank\" rel=\"noopener noreferrer\">Tageszeitung TAZ<br \/>\n<\/a><a href=\"http:\/\/www.rotermundfilm.de\/wp-content\/uploads\/2017\/04\/Aezteblatt-Hamburg-Februar-2017.pdf\" target=\"_blank\" rel=\"noopener noreferrer\">\u00c4rzteblatt Hamburg vom Februar 2017<\/a><\/p>\n<p>Eine DVD oder ein Download des Films kann \u00fcber das Kontaktformular<br \/>\noder \u00fcber info(at)rotermundfilm.de\u00a0bestellt werden.<\/p>\n<p>Die Kosten betragen:<br \/>\n\u201eNur f\u00fcr den privaten Gebrauch\u201c:<br \/>\n25 Euro &amp; 3 Euro Versand (inklusive MWSt)<\/p>\n<p>\u201eMit dem Recht auf \u00f6ffentliche Vorf\u00fchrung\u201c<br \/>\n50 Euro &amp; 3 Euro Versand (inklusive MWSt)<\/p>\n","protected":false},"excerpt":{"rendered":"<p>\u201eDen Nazis ein Dorn im Auge\u201c\u00a0(45 Min) Das Israelitische Krankenhaus (Hamburg St. Pauli) im Nationalsozialismus Ein Film von Bertram Rotermund und Rudolf Simon Nur wenigen HamburgerInnen ist bekannt, dass sich im heutigen Ortsamt St. Pauli\u00a0in der Simon-von-Utrecht-Stra\u00dfe von 1843 bis 1939 das J\u00fcdische Krankenhaus befand. Es stand allen Menschen unabh\u00e4ngig von Herkunft und Religion offen,&#8230;<\/p>\n","protected":false},"author":1,"featured_media":0,"parent":0,"menu_order":0,"comment_status":"closed","ping_status":"closed","template":"","meta":[],"_links":{"self":[{"href":"https:\/\/www.rotermundfilm.de\/index.php?rest_route=\/wp\/v2\/pages\/230"}],"collection":[{"href":"https:\/\/www.rotermundfilm.de\/index.php?rest_route=\/wp\/v2\/pages"}],"about":[{"href":"https:\/\/www.rotermundfilm.de\/index.php?rest_route=\/wp\/v2\/types\/page"}],"author":[{"embeddable":true,"href":"https:\/\/www.rotermundfilm.de\/index.php?rest_route=\/wp\/v2\/users\/1"}],"replies":[{"embeddable":true,"href":"https:\/\/www.rotermundfilm.de\/index.php?rest_route=%2Fwp%2Fv2%2Fcomments&post=230"}],"version-history":[{"count":36,"href":"https:\/\/www.rotermundfilm.de\/index.php?rest_route=\/wp\/v2\/pages\/230\/revisions"}],"predecessor-version":[{"id":1127,"href":"https:\/\/www.rotermundfilm.de\/index.php?rest_route=\/wp\/v2\/pages\/230\/revisions\/1127"}],"wp:attachment":[{"href":"https:\/\/www.rotermundfilm.de\/index.php?rest_route=%2Fwp%2Fv2%2Fmedia&parent=230"}],"curies":[{"name":"wp","href":"https:\/\/api.w.org\/{rel}","templated":true}]}}