{"id":205,"date":"2017-04-04T13:35:30","date_gmt":"2017-04-04T13:35:30","guid":{"rendered":"http:\/\/www.rotermundfilm.de\/?page_id=205"},"modified":"2025-07-07T15:34:33","modified_gmt":"2025-07-07T15:34:33","slug":"vertrieb","status":"publish","type":"page","link":"https:\/\/www.rotermundfilm.de\/?page_id=205","title":{"rendered":"Vertrieb"},"content":{"rendered":"\n<p>Eine DVD oder ein Download der folgenden Filme kann \u00fcber das Kontaktformular<br>oder \u00fcber info(at)rotermundfilm.de&nbsp;bestellt werden.<\/p>\n\n\n\n<p><\/p>\n\n\n\n<p><\/p>\n\n\n<div class=\"wp-block-image\">\n<figure class=\"alignleft size-large is-resized\"><img decoding=\"async\" loading=\"lazy\" src=\"http:\/\/www.rotermundfilm.de\/wp-content\/uploads\/2024\/03\/Hand-auf-Rinde-700x438.jpg\" alt=\"\" class=\"wp-image-1076\" width=\"300\" height=\"180\"\/><\/figure><\/div>\n\n\n<p><a href=\"https:\/\/www.rotermundfilm.de\/?page_id=1088(\u00f6ffnet in neuem Tab)\">&#8222;Bindung &#8211; der Schl\u00fcssel zu<br>psychischer Gesundheit&#8220;<\/a> \u00a0(2024, 42Min)<br><br>Dieser Film kann \u00fcber info@rotermundfilm.de<br>f\u00fcr eine Veranstaltung ausgeliehen werden.<br>Die Kosten h\u00e4ngen von der Art der Veranstaltung<br>ab.      ( telefonisch mit uns abkl\u00e4ren)<br><br>Oder (nur f\u00fcr private Nutzung) als DVD oder Download erworben werden.<br>Kosten:  20\u20ac zuz\u00fcglich 3\u20ac Versandkosten &amp; 19%MWST <\/p>\n\n\n\n<p><\/p>\n\n\n\n<p><\/p>\n\n\n\n<p><\/p>\n\n\n\n<p>.<\/p>\n\n\n<div class=\"wp-block-image\">\n<figure class=\"alignleft\"><img decoding=\"async\" loading=\"lazy\" width=\"230\" height=\"300\" src=\"http:\/\/www.rotermundfilm.de\/wp-content\/uploads\/2020\/01\/Einladungskarte-230x300.jpg\" alt=\"\" class=\"wp-image-857\" srcset=\"https:\/\/www.rotermundfilm.de\/wp-content\/uploads\/2020\/01\/Einladungskarte-230x300.jpg 230w, https:\/\/www.rotermundfilm.de\/wp-content\/uploads\/2020\/01\/Einladungskarte.jpg 627w\" sizes=\"(max-width: 230px) 100vw, 230px\" \/><\/figure><\/div>\n\n\n<p><a href=\"http:\/\/www.rotermundfilm.de\/?page_id=882\">&#8222;&#8230;bis die Gestapo kam&#8220;<\/a> &nbsp;(2020, 58Min)<br>&#8211; Dass Chinesenviertel in St.Pauli<\/p>\n\n\n\n<p><strong>Die Kosten betragen:<br><\/strong>&gt;\u201eNur f\u00fcr den privaten Gebrauch\u201c: &nbsp;25 Euro &amp; 3 Euro Versand<br>&gt;\u201eMit dem Recht auf \u00f6ffentliche Vorf\u00fchrung\u201c&nbsp;50 Euro &amp; 3 Euro Versand<\/p>\n\n\n\n<div style=\"height:45px\" aria-hidden=\"true\" class=\"wp-block-spacer\"><\/div>\n\n\n<div class=\"wp-block-image\">\n<figure class=\"alignleft\"><a href=\"http:\/\/www.rotermundfilm.de\/?page_id=792\"><img decoding=\"async\" loading=\"lazy\" width=\"300\" height=\"167\" src=\"http:\/\/www.rotermundfilm.de\/wp-content\/uploads\/2018\/03\/Wandbild20-1-300x167.jpg\" alt=\"\" class=\"wp-image-790\" srcset=\"https:\/\/www.rotermundfilm.de\/wp-content\/uploads\/2018\/03\/Wandbild20-1-300x167.jpg 300w, https:\/\/www.rotermundfilm.de\/wp-content\/uploads\/2018\/03\/Wandbild20-1.jpg 567w\" sizes=\"(max-width: 300px) 100vw, 300px\" \/><\/a><\/figure><\/div>\n\n\n<p><a href=\"http:\/\/www.rotermundfilm.de\/?page_id=792\">&#8222;Die Alsterdorfer Passion&#8220;<\/a> (2018, 65 Min)<br>Die Alsterdorfer Anstalten in Hamburg<br>von 1945 bis 1979<\/p>\n\n\n\n<p><strong>Die Kosten betragen:<br><\/strong>&gt;\u201eNur f\u00fcr den privaten Gebrauch\u201c: &nbsp;25 Euro &amp; 3 Euro Versand<br>&gt;\u201eMit dem Recht auf \u00f6ffentliche Vorf\u00fchrung\u201c 50 Euro &amp; 3 Euro Versand<\/p>\n\n\n\n<div style=\"height:45px\" aria-hidden=\"true\" class=\"wp-block-spacer\"><\/div>\n\n\n<div class=\"wp-block-image\">\n<figure class=\"alignleft\"><img decoding=\"async\" loading=\"lazy\" width=\"300\" height=\"183\" src=\"http:\/\/www.rotermundfilm.de\/wp-content\/uploads\/2017\/04\/Den-Nazis-IKH-1930-300x183.jpg\" alt=\"\" class=\"wp-image-219\" srcset=\"https:\/\/www.rotermundfilm.de\/wp-content\/uploads\/2017\/04\/Den-Nazis-IKH-1930-300x183.jpg 300w, https:\/\/www.rotermundfilm.de\/wp-content\/uploads\/2017\/04\/Den-Nazis-IKH-1930-768x468.jpg 768w, https:\/\/www.rotermundfilm.de\/wp-content\/uploads\/2017\/04\/Den-Nazis-IKH-1930-700x427.jpg 700w, https:\/\/www.rotermundfilm.de\/wp-content\/uploads\/2017\/04\/Den-Nazis-IKH-1930-800x488.jpg 800w, https:\/\/www.rotermundfilm.de\/wp-content\/uploads\/2017\/04\/Den-Nazis-IKH-1930.jpg 1890w\" sizes=\"(max-width: 300px) 100vw, 300px\" \/><\/figure><\/div>\n\n\n<p><a href=\"http:\/\/www.rotermundfilm.de\/?page_id=230\"><br><\/a><\/p>\n\n\n\n<p><a href=\"http:\/\/www.rotermundfilm.de\/?page_id=230\">&#8222;Den Nazis ein Dorn im Auge&#8220;<\/a>&nbsp;(2016, 45 Min)<br>Die Geschichte des Israelitischen Krankenhaus Hamburg&nbsp;im Nationalsozialismus.<\/p>\n\n\n\n<p><strong>Die Kosten betragen:<br><\/strong>&gt;\u201eNur f\u00fcr den privaten Gebrauch\u201c: &nbsp;25 Euro &amp; 3 Euro Versand<br>&gt;\u201eMit dem Recht auf \u00f6ffentliche Vorf\u00fchrung\u201c&nbsp;50 Euro &amp; 3 Euro Versand<\/p>\n\n\n\n<div style=\"height:45px\" aria-hidden=\"true\" class=\"wp-block-spacer\"><\/div>\n\n\n<div class=\"wp-block-image\">\n<figure class=\"alignleft\"><a href=\"http:\/\/www.rotermundfilm.de\/?page_id=250\"><img decoding=\"async\" loading=\"lazy\" width=\"300\" height=\"210\" src=\"http:\/\/www.rotermundfilm.de\/wp-content\/uploads\/2017\/04\/Muu12-300x210.jpg\" alt=\"\" class=\"wp-image-223\" srcset=\"https:\/\/www.rotermundfilm.de\/wp-content\/uploads\/2017\/04\/Muu12-300x210.jpg 300w, https:\/\/www.rotermundfilm.de\/wp-content\/uploads\/2017\/04\/Muu12.jpg 600w\" sizes=\"(max-width: 300px) 100vw, 300px\" \/><\/a><\/figure><\/div>\n\n\n<p><a href=\"http:\/\/www.rotermundfilm.de\/?page_id=250\"><br>&#8222;Mitten unter uns&#8220;<\/a>&nbsp;(2014, 55 Min ) Zwangsarbeiter und Kriegsgefangene in Sulingen 1939 &#8211; 1945<\/p>\n\n\n\n<p><strong>Die Kosten betragen:<\/strong><br>&gt;\u201eNur f\u00fcr den privaten Gebrauch\u201c: &nbsp;25 Euro&nbsp;&amp; 3 Euro Versand<br>&gt;\u201eMit dem Recht auf \u00f6ffentliche Vorf\u00fchrung\u201c&nbsp;50 Euro &amp; 3 Euro Versand<\/p>\n\n\n\n<div style=\"height:45px\" aria-hidden=\"true\" class=\"wp-block-spacer\"><\/div>\n\n\n<div class=\"wp-block-image\">\n<figure class=\"alignleft\"><img decoding=\"async\" loading=\"lazy\" width=\"300\" height=\"200\" src=\"http:\/\/www.rotermundfilm.de\/wp-content\/uploads\/2017\/04\/Awassa-1-300x200.jpg\" alt=\"\" class=\"wp-image-221\" srcset=\"https:\/\/www.rotermundfilm.de\/wp-content\/uploads\/2017\/04\/Awassa-1-300x200.jpg 300w, https:\/\/www.rotermundfilm.de\/wp-content\/uploads\/2017\/04\/Awassa-1.jpg 320w\" sizes=\"(max-width: 300px) 100vw, 300px\" \/><\/figure><\/div>\n\n\n<p><a href=\"http:\/\/www.rotermundfilm.de\/?page_id=265\">&#8222;Zukunft schenken&#8220;<\/a>&nbsp;(2012, 30 Min)<br>Ein Portr\u00e4t des Waisenkinderprojekts &#8222;Awassa Children Center&#8220; in \u00c4thiopien<\/p>\n\n\n\n<p><strong>Die Kosten betragen:<br><\/strong>&gt;\u201eNur f\u00fcr den privaten Gebrauch\u201c: &nbsp;25 Euro &amp; 3 Euro Versand<br>&gt;\u201eMit dem Recht auf \u00f6ffentliche Vorf\u00fchrung\u201c &nbsp;50 Euro &amp; 3 Euro Versand<\/p>\n\n\n\n<div style=\"height:45px\" aria-hidden=\"true\" class=\"wp-block-spacer\"><\/div>\n\n\n<div class=\"wp-block-image\">\n<figure class=\"alignleft\"><img decoding=\"async\" loading=\"lazy\" width=\"300\" height=\"240\" src=\"http:\/\/www.rotermundfilm.de\/wp-content\/uploads\/2017\/04\/Das-ver-Waldschmidt-300x240.jpg\" alt=\"\" class=\"wp-image-287\" srcset=\"https:\/\/www.rotermundfilm.de\/wp-content\/uploads\/2017\/04\/Das-ver-Waldschmidt-300x240.jpg 300w, https:\/\/www.rotermundfilm.de\/wp-content\/uploads\/2017\/04\/Das-ver-Waldschmidt-700x560.jpg 700w, https:\/\/www.rotermundfilm.de\/wp-content\/uploads\/2017\/04\/Das-ver-Waldschmidt.jpg 720w\" sizes=\"(max-width: 300px) 100vw, 300px\" \/><\/figure><\/div>\n\n\n<p><a href=\"http:\/\/www.rotermundfilm.de\/?page_id=285\"><br>&#8222;Das verordnete Geschlecht&#8220;<\/a>&nbsp;( 2001, 62 Min.)<br>Wie aus Zwittern Frauen und M\u00e4nner gemacht werden<\/p>\n\n\n\n<p><strong>Die Kosten betragen:<br><\/strong>&gt;\u201eNur f\u00fcr den privaten Gebrauch\u201c: &nbsp;35 Euro &amp; 3 Euro Versand<br>&gt;\u201eMit dem Recht auf \u00f6ffentliche Vorf\u00fchrung\u201c&nbsp;65 Euro &amp; 3 Euro Versand<\/p>\n\n\n\n<div style=\"height:45px\" aria-hidden=\"true\" class=\"wp-block-spacer\"><\/div>\n\n\n<div class=\"wp-block-image\">\n<figure class=\"alignleft\"><img decoding=\"async\" loading=\"lazy\" width=\"300\" height=\"215\" src=\"http:\/\/www.rotermundfilm.de\/wp-content\/uploads\/2017\/04\/Manchmal_traume_ich-300x215.jpg\" alt=\"\" class=\"wp-image-355\"\/><\/figure><\/div>\n\n\n<p><a href=\"http:\/\/www.rotermundfilm.de\/?page_id=305\"><br>&#8222;Freiburg &#8211; Wiwili, eine Br\u00fccke der Freundschaft&#8220;<\/a>&nbsp;(2008, 43 Min.)<br>25 Jahre St\u00e4dtefreunschaft zwischen Freiburg und Wiwili (Nicaragua).<br>Darstellung der Projekte und ihrer Geschichte.<\/p>\n\n\n\n<p><strong>Die Kosten betragen:<\/strong><br>&gt;\u201eNur f\u00fcr den privaten Gebrauch\u201c: &nbsp;25 Euro &amp; 3 Euro Versand<br>&gt;\u201eMit dem Recht auf \u00f6ffentliche Vorf\u00fchrung\u201c&nbsp;50 Euro &amp; 3 Euro Versand<\/p>\n\n\n\n<div style=\"height:45px\" aria-hidden=\"true\" class=\"wp-block-spacer\"><\/div>\n\n\n<div class=\"wp-block-image\">\n<figure class=\"alignleft\"><a href=\"http:\/\/www.rotermundfilm.de\/?page_id=317\"><img decoding=\"async\" loading=\"lazy\" width=\"300\" height=\"225\" src=\"http:\/\/www.rotermundfilm.de\/wp-content\/uploads\/2017\/04\/Der-Kampf-ums-Land-300x225.jpg\" alt=\"\" class=\"wp-image-289\" srcset=\"https:\/\/www.rotermundfilm.de\/wp-content\/uploads\/2017\/04\/Der-Kampf-ums-Land-300x225.jpg 300w, https:\/\/www.rotermundfilm.de\/wp-content\/uploads\/2017\/04\/Der-Kampf-ums-Land-80x60.jpg 80w, https:\/\/www.rotermundfilm.de\/wp-content\/uploads\/2017\/04\/Der-Kampf-ums-Land.jpg 369w\" sizes=\"(max-width: 300px) 100vw, 300px\" \/><\/a><\/figure><\/div>\n\n\n<p><a href=\"http:\/\/www.rotermundfilm.de\/?page_id=317\">&#8222;Der Kampf ums Land\u201c<\/a>&nbsp;(1991, 60 Min.)<br>Nicaragua nach der Abwahl der Sandinisten.<\/p>\n\n\n\n<p><strong>Die Kosten betragen:<\/strong><br>&gt;\u201eNur f\u00fcr den privaten Gebrauch\u201c: &nbsp;25 Euro &amp; 3 Euro Versand<br>&gt;\u201eMit dem Recht auf \u00f6ffentliche Vorf\u00fchrung\u201c&nbsp;50 Euro &amp; 3 Euro Versand<\/p>\n\n\n\n<div style=\"height:45px\" aria-hidden=\"true\" class=\"wp-block-spacer\"><\/div>\n\n\n<div class=\"wp-block-image\">\n<figure class=\"alignleft\"><img decoding=\"async\" loading=\"lazy\" width=\"215\" height=\"300\" src=\"http:\/\/www.rotermundfilm.de\/wp-content\/uploads\/2017\/04\/Briefe-aus-Wiwili-215x300.jpg\" alt=\"\" class=\"wp-image-288\" srcset=\"https:\/\/www.rotermundfilm.de\/wp-content\/uploads\/2017\/04\/Briefe-aus-Wiwili-215x300.jpg 215w, https:\/\/www.rotermundfilm.de\/wp-content\/uploads\/2017\/04\/Briefe-aus-Wiwili.jpg 265w\" sizes=\"(max-width: 215px) 100vw, 215px\" \/><\/figure><\/div>\n\n\n<p><a href=\"http:\/\/www.rotermundfilm.de\/?page_id=329\">&#8222;Briefe aus Wiwili&#8220;<\/a>&nbsp;(1987, 45 Min.)<br>Zwei Freiburger Internationalisten in Nicaragua, von der Contra ermordet.<\/p>\n\n\n\n<p><strong>Die Kosten betragen:<\/strong><br>&gt;\u201eNur f\u00fcr den privaten Gebrauch\u201c: &nbsp;25 Euro &amp; 3 Euro Versand<br>&gt;\u201eMit dem Recht auf \u00f6ffentliche Vorf\u00fchrung\u201c&nbsp;50 Euro &amp; 3 Euro Versand<\/p>\n","protected":false},"excerpt":{"rendered":"<p>Eine DVD oder ein Download der folgenden Filme kann \u00fcber das Kontaktformularoder \u00fcber info(at)rotermundfilm.de&nbsp;bestellt werden. &#8222;Bindung &#8211; der Schl\u00fcssel zupsychischer Gesundheit&#8220; \u00a0(2024, 42Min) Dieser Film kann \u00fcber info@rotermundfilm.def\u00fcr eine Veranstaltung ausgeliehen werden.Die Kosten h\u00e4ngen von der Art der Veranstaltungab. ( telefonisch mit uns abkl\u00e4ren) Oder (nur f\u00fcr private Nutzung) als DVD oder Download erworben werden.Kosten:&#8230;<\/p>\n","protected":false},"author":1,"featured_media":0,"parent":0,"menu_order":0,"comment_status":"closed","ping_status":"closed","template":"fullwidth.php","meta":[],"_links":{"self":[{"href":"https:\/\/www.rotermundfilm.de\/index.php?rest_route=\/wp\/v2\/pages\/205"}],"collection":[{"href":"https:\/\/www.rotermundfilm.de\/index.php?rest_route=\/wp\/v2\/pages"}],"about":[{"href":"https:\/\/www.rotermundfilm.de\/index.php?rest_route=\/wp\/v2\/types\/page"}],"author":[{"embeddable":true,"href":"https:\/\/www.rotermundfilm.de\/index.php?rest_route=\/wp\/v2\/users\/1"}],"replies":[{"embeddable":true,"href":"https:\/\/www.rotermundfilm.de\/index.php?rest_route=%2Fwp%2Fv2%2Fcomments&post=205"}],"version-history":[{"count":94,"href":"https:\/\/www.rotermundfilm.de\/index.php?rest_route=\/wp\/v2\/pages\/205\/revisions"}],"predecessor-version":[{"id":1213,"href":"https:\/\/www.rotermundfilm.de\/index.php?rest_route=\/wp\/v2\/pages\/205\/revisions\/1213"}],"wp:attachment":[{"href":"https:\/\/www.rotermundfilm.de\/index.php?rest_route=%2Fwp%2Fv2%2Fmedia&parent=205"}],"curies":[{"name":"wp","href":"https:\/\/api.w.org\/{rel}","templated":true}]}}