{"id":203,"date":"2017-04-04T13:34:58","date_gmt":"2017-04-04T13:34:58","guid":{"rendered":"http:\/\/www.rotermundfilm.de\/?page_id=203"},"modified":"2024-12-04T12:16:04","modified_gmt":"2024-12-04T12:16:04","slug":"filme","status":"publish","type":"page","link":"https:\/\/www.rotermundfilm.de\/?page_id=203","title":{"rendered":"Filme"},"content":{"rendered":"\n<h2><strong>Filmographie (Auswahl)<\/strong><\/h2>\n\n\n\n<p><\/p>\n\n\n<div class=\"wp-block-image\">\n<figure class=\"alignleft size-large is-resized\"><img decoding=\"async\" loading=\"lazy\" src=\"http:\/\/www.rotermundfilm.de\/wp-content\/uploads\/2024\/03\/Hand-auf-Rinde-700x438.jpg\" alt=\"\" class=\"wp-image-1076\" width=\"175\" height=\"140\"\/><\/figure><\/div>\n\n\n<p><a href=\"https:\/\/www.rotermundfilm.de\/?page_id=1088(\u00f6ffnet in neuem Tab)\">&#8222;Bindung &#8211; der Schl\u00fcssel zu \u00a0<br>psychischer Gesundheit&#8220;<\/a> ( 2024, 42 Min)<br>Gef\u00f6rdert von der<br>Guzzoni-Federer Stiftung (Freiburg)<br>Freie Produktion<\/p>\n\n\n\n<p><\/p>\n\n\n\n<p><\/p>\n\n\n\n<p><\/p>\n\n\n<div class=\"wp-block-image\">\n<figure class=\"alignleft\"><img decoding=\"async\" loading=\"lazy\" width=\"150\" height=\"150\" src=\"http:\/\/www.rotermundfilm.de\/wp-content\/uploads\/2020\/01\/Einladungskarte-150x150.jpg\" alt=\"\" class=\"wp-image-857\"\/><\/figure><\/div>\n\n\n<p><a href=\"http:\/\/www.rotermundfilm.de\/?page_id=882\">&#8222;&#8230;bis die Gestapo kam&#8220;<\/a> &nbsp;( 2020, 58 Min)<br>Das Chinesenviertel in St.Pauli<br>Gef\u00f6rdert von der<br>Landeszentrale f\u00fcr politische Bildung Hamburg.<br>Freie Produktion<\/p>\n\n\n\n<div style=\"height:45px\" aria-hidden=\"true\" class=\"wp-block-spacer\"><\/div>\n\n\n<div class=\"wp-block-image\">\n<figure class=\"alignleft\"><a href=\"http:\/\/www.rotermundfilm.de\/?page_id=792\"><img decoding=\"async\" loading=\"lazy\" width=\"150\" height=\"150\" src=\"http:\/\/www.rotermundfilm.de\/wp-content\/uploads\/2018\/03\/Wandbild20-1-150x150.jpg\" alt=\"\" class=\"wp-image-790\"\/><\/a><\/figure><\/div>\n\n\n<p><a href=\"http:\/\/www.rotermundfilm.de\/?page_id=792\">&#8222;Die Alsterdorfer Passion&#8220;<\/a>&nbsp; (2018, 58 Min)<br>Die Alsterdorfer Anstalten &nbsp;in Hamburg<br>von 1945 &#8211; 1979<br>Gef\u00f6rdert von der<br>Landeszentrale f\u00fcr politische Bildung Hamburg.<br>Freie Produktion<\/p>\n\n\n\n<div style=\"height:45px\" aria-hidden=\"true\" class=\"wp-block-spacer\"><\/div>\n\n\n<div class=\"wp-block-image\">\n<figure class=\"alignleft\"><img decoding=\"async\" loading=\"lazy\" width=\"150\" height=\"150\" src=\"http:\/\/www.rotermundfilm.de\/wp-content\/uploads\/2017\/04\/Den-Nazis-IKH-1930-150x150.jpg\" alt=\"\" class=\"wp-image-219\"\/><\/figure><\/div>\n\n\n<p><a href=\"http:\/\/www.rotermundfilm.de\/?page_id=230\">&#8222;Den Nazis ein Dorn im Auge&#8220;<\/a>&nbsp;(2016, 45 Min)<br>Die Geschichte des Israelitischen Krankenhaus Hamburg<br>im Nationalsozialismus.<br>Gef\u00f6rdert von der Landeszentrale f\u00fcr politische Bildung Hamburg.<br>Freie Produktion<\/p>\n\n\n\n<div style=\"height:45px\" aria-hidden=\"true\" class=\"wp-block-spacer\"><\/div>\n\n\n<div class=\"wp-block-image\">\n<figure class=\"alignleft\"><img decoding=\"async\" loading=\"lazy\" width=\"150\" height=\"150\" src=\"http:\/\/www.rotermundfilm.de\/wp-content\/uploads\/2017\/04\/Muu12-150x150.jpg\" alt=\"\" class=\"wp-image-223\"\/><\/figure><\/div>\n\n\n<p><a href=\"http:\/\/www.rotermundfilm.de\/?page_id=250\">&#8222;Mitten unter uns&#8220;<\/a> (2014, 55 Min )<br>Zwangsarbeiter und Kriegsgefangene in Sulingen 1939 &#8211; 1945<br>Freie Produktion<\/p>\n\n\n\n<p><\/p>\n\n\n\n<div style=\"height:45px\" aria-hidden=\"true\" class=\"wp-block-spacer\"><\/div>\n\n\n<div class=\"wp-block-image\">\n<figure class=\"alignleft\"><img decoding=\"async\" loading=\"lazy\" width=\"150\" height=\"150\" src=\"http:\/\/www.rotermundfilm.de\/wp-content\/uploads\/2017\/04\/Awassa-1-150x150.jpg\" alt=\"\" class=\"wp-image-221\"\/><\/figure><\/div>\n\n\n<p><a href=\"http:\/\/www.rotermundfilm.de\/?page_id=265\">&#8222;Zukunft schenken&#8220;<\/a>&nbsp;(2012, 30 Min)<br>Ein Portr\u00e4t des Waisenkinderprojekts &#8222;Awassa Children Center&#8220; in \u00c4thiopien<br>Freie Produktion<\/p>\n\n\n\n<div style=\"height:45px\" aria-hidden=\"true\" class=\"wp-block-spacer\"><\/div>\n\n\n<div class=\"wp-block-image\">\n<figure class=\"alignleft\"><img decoding=\"async\" loading=\"lazy\" width=\"150\" height=\"150\" src=\"http:\/\/www.rotermundfilm.de\/wp-content\/uploads\/2017\/04\/Das-ver-Waldschmidt-150x150.jpg\" alt=\"\" class=\"wp-image-287\"\/><\/figure><\/div>\n\n\n<p><a href=\"http:\/\/www.rotermundfilm.de\/?page_id=285\">&#8222;Das verordnete Geschlecht&#8220;<\/a> ( 2001, 62 Min.)<br>Wie aus Zwittern Frauen und M\u00e4nner gemacht werden<br>Filmf\u00f6rderung Hamburg, Kuratorium junger deutscher Film&nbsp;Filmb\u00fcro Bremen, Landesmedienzentrale Bremen<br>zusammen mit Oliver Tolmein<\/p>\n\n\n\n<div style=\"height:45px\" aria-hidden=\"true\" class=\"wp-block-spacer\"><\/div>\n\n\n<div class=\"wp-block-image\">\n<figure class=\"alignleft\"><img decoding=\"async\" loading=\"lazy\" width=\"150\" height=\"150\" src=\"http:\/\/www.rotermundfilm.de\/wp-content\/uploads\/2017\/04\/Manchmal_traume_ich-150x150.jpg\" alt=\"\" class=\"wp-image-355\"\/><\/figure><\/div>\n\n\n<p><a href=\"http:\/\/www.rotermundfilm.de\/?page_id=305\">&#8222;Freiburg &#8211; Wiwili, eine Br\u00fccke der Freundschaft&#8220;<\/a>&nbsp;(2008, 43 Min.)<br>25 Jahre St\u00e4dtefreunschaft zwischen Freiburg und Wiwili (Nicaragua)Darstellung der Projekte und ihrer Geschichte.<br>Freie Produktion<\/p>\n\n\n\n<div style=\"height:45px\" aria-hidden=\"true\" class=\"wp-block-spacer\"><\/div>\n\n\n<div class=\"wp-block-image\">\n<figure class=\"alignleft\"><img decoding=\"async\" loading=\"lazy\" width=\"150\" height=\"150\" src=\"http:\/\/www.rotermundfilm.de\/wp-content\/uploads\/2017\/04\/Der-Kampf-ums-Land-150x150.jpg\" alt=\"\" class=\"wp-image-289\"\/><\/figure><\/div>\n\n\n<p><a href=\"http:\/\/www.rotermundfilm.de\/?page_id=317\">&#8222;Der Kampf ums Land\u201c<\/a>&nbsp;(1991, 60 Min.)<br>Nicaragua nach der Abwahl der Sandinisten.<br>Freie Produktion<\/p>\n\n\n\n<div style=\"height:45px\" aria-hidden=\"true\" class=\"wp-block-spacer\"><\/div>\n\n\n<div class=\"wp-block-image\">\n<figure class=\"alignleft\"><img decoding=\"async\" loading=\"lazy\" width=\"150\" height=\"150\" src=\"http:\/\/www.rotermundfilm.de\/wp-content\/uploads\/2017\/04\/Briefe-aus-Wiwili-150x150.jpg\" alt=\"\" class=\"wp-image-288\"\/><\/figure><\/div>\n\n\n<p><a href=\"http:\/\/www.rotermundfilm.de\/?page_id=329\"><br>&#8222;Briefe aus Wiwili&#8220;<\/a>&nbsp;(1987, 45 Min.)<br>Zwei Freiburger Internationalisten in Nicaragua, von der Contra ermordet.<br>DRS &#8211; Schweizer Fernsehen<\/p>\n\n\n\n<div style=\"height:45px\" aria-hidden=\"true\" class=\"wp-block-spacer\"><\/div>\n\n\n<div class=\"wp-block-image\">\n<figure class=\"alignleft\"><img decoding=\"async\" loading=\"lazy\" width=\"150\" height=\"150\" src=\"http:\/\/www.rotermundfilm.de\/wp-content\/uploads\/2017\/04\/Doping-150x150.jpg\" alt=\"\" class=\"wp-image-349\"\/><\/figure><\/div>\n\n\n<p><a href=\"http:\/\/www.rotermundfilm.de\/?page_id=347\">&#8222;Doping f\u00fcr den Job\u201c<\/a>&nbsp;(2009, 30 Min.)<br>Schnell, effektiv und flexibel &#8211; so soll er sein, der moderne Arbeitnehmer. Doch nicht jeder kann dem wachsenden Leistungsdruck standhalten. Viele Menschen f\u00fchlen sich \u00fcberfordert und greifen zu Medikamenten und Drogen.<br>arte\/NDR 2009 (zusammen mit Lars Reimer)<\/p>\n\n\n\n<div style=\"height:45px\" aria-hidden=\"true\" class=\"wp-block-spacer\"><\/div>\n\n\n<div class=\"wp-block-image\">\n<figure class=\"alignleft\"><img decoding=\"async\" loading=\"lazy\" width=\"150\" height=\"150\" src=\"http:\/\/www.rotermundfilm.de\/wp-content\/uploads\/2017\/04\/Rudi-mit-Patientin-150x150.png\" alt=\"\" class=\"wp-image-611\"\/><\/figure><\/div>\n\n\n<p>&#8222;Eine gut begehbare Br\u00fccke&#8220; (2007, 30 Min.)<br>Ein Portr\u00e4t der &#8222;Psychiatrischen Tagesklinik Hamburg Mitte&#8220;.<br>Freie Produktion<\/p>\n\n\n\n<div style=\"height:45px\" aria-hidden=\"true\" class=\"wp-block-spacer\"><\/div>\n\n\n<div class=\"wp-block-image\">\n<figure class=\"alignleft\"><img decoding=\"async\" loading=\"lazy\" width=\"150\" height=\"150\" src=\"http:\/\/www.rotermundfilm.de\/wp-content\/uploads\/2017\/04\/Merhaba-150x150.png\" alt=\"\" class=\"wp-image-591\"\/><\/figure><\/div>\n\n\n<p><a href=\"http:\/\/www.rotermundfilm.de\/?page_id=344\">&#8222;Merhaba &#8211; T\u00fcrkei in Hamburg&#8220;<\/a>&nbsp;(2006, 30 Min.)<br>Dokumentation der Veranstaltungsreihe &#8222;T\u00fcrkei in Hamburg&#8220;<br>der Hamburger Volkshochschule.<br>Zusammen mit den Teilnehmern des VHS-Kurs<br>Freie Produktion<\/p>\n\n\n\n<div style=\"height:45px\" aria-hidden=\"true\" class=\"wp-block-spacer\"><\/div>\n\n\n<div class=\"wp-block-image\">\n<figure class=\"alignleft\"><img decoding=\"async\" loading=\"lazy\" width=\"150\" height=\"150\" src=\"http:\/\/www.rotermundfilm.de\/wp-content\/uploads\/2017\/04\/Marlou-150x150.png\" alt=\"\" class=\"wp-image-604\"\/><\/figure><\/div>\n\n\n<p><a href=\"http:\/\/www.rotermundfilm.de\/?page_id=354\">&#8222;Manchmal tr\u00e4um ich noch davon\u201c<\/a>&nbsp;(1998, 30 Min.)<br>Internationalisten heute in Nicaragua.<br>SAT1\/Kanal4<\/p>\n\n\n\n<div style=\"height:45px\" aria-hidden=\"true\" class=\"wp-block-spacer\"><\/div>\n\n\n<div class=\"wp-block-image\">\n<figure class=\"alignleft\"><img decoding=\"async\" loading=\"lazy\" width=\"150\" height=\"150\" src=\"http:\/\/www.rotermundfilm.de\/wp-content\/uploads\/2017\/05\/video_nahrung-150x150.jpg\" alt=\"\" class=\"wp-image-727\"\/><\/figure><\/div>\n\n\n<p><a href=\"http:\/\/www.rotermundfilm.de\/?page_id=730\">&#8222;Wenn Lebensmittel krank machen\u201c<\/a> (1997, 45 Min.)<br>Lebensmittelallergie. Zusammen mit Oliver Tolmein<br>NDR<\/p>\n\n\n\n<div style=\"height:45px\" aria-hidden=\"true\" class=\"wp-block-spacer\"><\/div>\n\n\n<div class=\"wp-block-image\">\n<figure class=\"alignleft\"><img decoding=\"async\" loading=\"lazy\" width=\"150\" height=\"150\" src=\"http:\/\/www.rotermundfilm.de\/wp-content\/uploads\/2017\/04\/Walter-und-Marlou-auf-Wagen-150x150.png\" alt=\"\" class=\"wp-image-606\"\/><\/figure><\/div>\n\n\n<p><a href=\"http:\/\/www.rotermundfilm.de\/?page_id=618\">&#8222;Reisende in Wiwili<\/a>\u201c (1997, 75 Min.)<br>Zwischen Che Guevara und biologischer D\u00fcnger, Internationalisten heute in Nicaragua.<br>Zusammen mit Walter Mo\u00dfmann<br>Filmf\u00f6rderung Baden W\u00fcrttemberg<\/p>\n\n\n\n<div style=\"height:45px\" aria-hidden=\"true\" class=\"wp-block-spacer\"><\/div>\n\n\n<div class=\"wp-block-image\">\n<figure class=\"alignleft\"><img decoding=\"async\" loading=\"lazy\" width=\"150\" height=\"150\" src=\"http:\/\/www.rotermundfilm.de\/wp-content\/uploads\/2017\/04\/heimliche-Menschen-150x150.jpg\" alt=\"\" class=\"wp-image-366\"\/><\/figure><\/div>\n\n\n<p><a href=\"http:\/\/www.rotermundfilm.de\/?page_id=363\">&#8222;Heimliche Menschen\u201c<\/a>&nbsp;(1996, 30 Min.)<br>Als Fl\u00fcchtling illegal in Deutschland.<br>RTL\/Kanal4<br><a href=\"file:\/\/\/Users\/Bertram\/Desktop\/-VHS-Kurs%20Wordpress\/Rotermundfilm%20homepage\/Rotermundfilm\/Material\/FILME\/Schnursenkel.html\">.<\/a><\/p>\n\n\n\n<div style=\"height:45px\" aria-hidden=\"true\" class=\"wp-block-spacer\"><\/div>\n\n\n<div class=\"wp-block-image\">\n<figure class=\"alignleft\"><img decoding=\"async\" loading=\"lazy\" width=\"150\" height=\"150\" src=\"http:\/\/www.rotermundfilm.de\/wp-content\/uploads\/2017\/04\/Radikal-150x150.jpg\" alt=\"\" class=\"wp-image-374\"\/><\/figure><\/div>\n\n\n<p><a href=\"http:\/\/www.rotermundfilm.de\/?page_id=372\"><br>&#8222;Happy Birthday Haftbefehl\u201c<\/a>&nbsp;(1996, 30 Min)<br>Der Kampf der Justiz gegen die Zeitschrift \u201eRadikal\u201c.<br>Zusammen mit Oliver Tolmein<br>RTL\/Kanal4.<\/p>\n\n\n\n<div style=\"height:45px\" aria-hidden=\"true\" class=\"wp-block-spacer\"><\/div>\n\n\n<div class=\"wp-block-image\">\n<figure class=\"alignleft\"><img decoding=\"async\" loading=\"lazy\" width=\"150\" height=\"150\" src=\"http:\/\/www.rotermundfilm.de\/wp-content\/uploads\/2017\/04\/Schnursenkel-150x150.jpg\" alt=\"\" class=\"wp-image-404\"\/><\/figure><\/div>\n\n\n<p><a href=\"http:\/\/www.rotermundfilm.de\/?page_id=399\">&#8222;..und du, was sagen dir deine Schn\u00fcrsenkel\u201c<\/a>&nbsp;(1995, 60 Min.)<br>Rechtsradikale und junge Kosovov-Albaner erarbeiten ein Theaterst\u00fcck.<br>Freie Produktion<\/p>\n\n\n\n<div style=\"height:45px\" aria-hidden=\"true\" class=\"wp-block-spacer\"><\/div>\n\n\n<div class=\"wp-block-image\">\n<figure class=\"alignleft\"><img decoding=\"async\" loading=\"lazy\" width=\"150\" height=\"150\" src=\"http:\/\/www.rotermundfilm.de\/wp-content\/uploads\/2017\/05\/video_hoffnung1-150x150.jpg\" alt=\"\" class=\"wp-image-728\"\/><\/figure><\/div>\n\n\n<p><a href=\"http:\/\/www.rotermundfilm.de\/?page_id=688\">&#8222;Alte Hoffnung &#8211; ewig jung&#8220;<\/a> &nbsp;(1994\/95, 2 Teile, je 45 min)<br>\u00dcber den Umgang mit dem Altern.<br>Zusammen mit Oliver Tolmein<br>NDR &#8211; Prisma<\/p>\n\n\n\n<div style=\"height:45px\" aria-hidden=\"true\" class=\"wp-block-spacer\"><\/div>\n\n\n<div class=\"wp-block-image\">\n<figure class=\"alignleft\"><img decoding=\"async\" loading=\"lazy\" width=\"150\" height=\"150\" src=\"http:\/\/www.rotermundfilm.de\/wp-content\/uploads\/2017\/04\/Ausgrenzen-Abschieben-150x150.jpg\" alt=\"\" class=\"wp-image-382\"\/><\/figure><\/div>\n\n\n<p><a href=\"http:\/\/www.rotermundfilm.de\/?page_id=380\">&#8222;Ausgrenzen &#8211; Abschieben\u201c<\/a>&nbsp;(1994, 30 Min.)<br>Wie an der deutschen Ostgrenze das Recht auf Asyl abgeschafft wird.<br>Zusammen mit Oliver Tolmein<br>Freie Produktion<\/p>\n\n\n\n<div style=\"height:45px\" aria-hidden=\"true\" class=\"wp-block-spacer\"><\/div>\n\n\n<div class=\"wp-block-image\">\n<figure class=\"alignleft\"><img decoding=\"async\" loading=\"lazy\" width=\"150\" height=\"150\" src=\"http:\/\/www.rotermundfilm.de\/wp-content\/uploads\/2017\/04\/Griff-ins-Gehirn-150x150.jpg\" alt=\"\" class=\"wp-image-387\"\/><\/figure><\/div>\n\n\n<p><a href=\"http:\/\/www.rotermundfilm.de\/?page_id=385\"><br>&#8222;Der Griff ins Gehirn\u201c<\/a> (1993, 45 min)<br>Gehirnoperationen und deren ethische Implikationen.<br>Zusammen mit Oliver Tolmein<br>NDR &#8211; Prisma<\/p>\n\n\n\n<div style=\"height:45px\" aria-hidden=\"true\" class=\"wp-block-spacer\"><\/div>\n\n\n<div class=\"wp-block-image\">\n<figure class=\"alignleft\"><img decoding=\"async\" loading=\"lazy\" width=\"150\" height=\"150\" src=\"http:\/\/www.rotermundfilm.de\/wp-content\/uploads\/2017\/05\/Radio-Dreyeckland-150x150.jpg\" alt=\"\" class=\"wp-image-739\"\/><\/figure><\/div>\n\n\n<p><a href=\"http:\/\/www.rotermundfilm.de\/?page_id=698\">&#8222;Wir bitten nicht l\u00e4nger um Erlaubnis&#8220;<\/a> &nbsp;(60 Minuten, 1985)<br>Die Geschichte von &#8222;Radio Dreyeckland&#8220;<br>Freie Produktion<\/p>\n\n\n\n<div style=\"height:45px\" aria-hidden=\"true\" class=\"wp-block-spacer\"><\/div>\n\n\n<div class=\"wp-block-image\">\n<figure class=\"alignleft\"><img decoding=\"async\" loading=\"lazy\" width=\"150\" height=\"150\" src=\"http:\/\/www.rotermundfilm.de\/wp-content\/uploads\/2017\/04\/Geisterfahrer-150x150.jpg\" alt=\"\" class=\"wp-image-394\"\/><\/figure><\/div>\n\n\n<p><a href=\"http:\/\/www.rotermundfilm.de\/?page_id=391\">&#8222;Geisterfahrer &#8211; eine utopische Kolportage&#8220;<\/a>&nbsp;(1986, 72 Min.)<br>\u00dcber den Utopieverlust der Alternativbewegung.<br>ZDF, Das Kleine Fernsehspiel<\/p>\n\n\n\n<div style=\"height:45px\" aria-hidden=\"true\" class=\"wp-block-spacer\"><\/div>\n\n\n<div class=\"wp-block-image\">\n<figure class=\"alignleft\"><img decoding=\"async\" loading=\"lazy\" width=\"244\" height=\"300\" src=\"http:\/\/www.rotermundfilm.de\/wp-content\/uploads\/2017\/04\/haeftlinge-e1495030788107-244x300.jpg\" alt=\"\" class=\"wp-image-706\" srcset=\"https:\/\/www.rotermundfilm.de\/wp-content\/uploads\/2017\/04\/haeftlinge-e1495030788107-244x300.jpg 244w, https:\/\/www.rotermundfilm.de\/wp-content\/uploads\/2017\/04\/haeftlinge-e1495030788107.jpg 271w\" sizes=\"(max-width: 244px) 100vw, 244px\" \/><\/figure><\/div>\n\n\n<p><a href=\"http:\/\/www.rotermundfilm.de\/?page_id=700\">&#8222;Unter Deutschlands Erde&#8220;<\/a>&nbsp;(1984, 45 Min.)<br>Geschichte des von KZ-H\u00e4ftlingen gebauten Stollen zur unterirdischen Verlagerung der Kriegsproduktion in \u00dcberlingen am Bodensee<br>Freie Produktion<\/p>\n\n\n\n<div style=\"height:45px\" aria-hidden=\"true\" class=\"wp-block-spacer\"><\/div>\n\n\n<div class=\"wp-block-image\">\n<figure class=\"alignleft\"><img decoding=\"async\" loading=\"lazy\" width=\"150\" height=\"150\" src=\"http:\/\/www.rotermundfilm.de\/wp-content\/uploads\/2017\/04\/Weschpenescht-150x150.jpg\" alt=\"\" class=\"wp-image-410\"\/><\/figure><\/div>\n\n\n<p><a href=\"http:\/\/www.rotermundfilm.de\/?page_id=408\">&#8222;S\u00b4 Weschpen\u00e4scht&#8220;<\/a><a href=\"file:\/\/\/Users\/Bertram\/Desktop\/-VHS-Kurs%20Wordpress\/Rotermundfilm%20homepage\/Rotermundfilm%20aktual#8E0F0.2016\/Material\/FILME\/Weschpenescht.html\">&nbsp;<\/a>(1982, 115 Min.)<br>12 Jahre Kampf gegen das AKW Wyhl.<br>Freie Produktion<\/p>\n\n\n\n<div style=\"height:45px\" aria-hidden=\"true\" class=\"wp-block-spacer\"><\/div>\n\n\n<div class=\"wp-block-image\">\n<figure class=\"alignleft\"><img decoding=\"async\" loading=\"lazy\" width=\"150\" height=\"150\" src=\"http:\/\/www.rotermundfilm.de\/wp-content\/uploads\/2017\/04\/Passt_bloss_auf-150x150.jpg\" alt=\"\" class=\"wp-image-418\"\/><\/figure><\/div>\n\n\n<p><a href=\"http:\/\/www.rotermundfilm.de\/?page_id=416\">&#8222;Passt bloss auf&#8220;<\/a>&nbsp;(1981, 75 Min.)<br>Ein Film aus der Kultur von unten.<br>ZDF, Das Kleine Fernsehspiel<\/p>\n","protected":false},"excerpt":{"rendered":"<p>Filmographie (Auswahl) &#8222;Bindung &#8211; der Schl\u00fcssel zu \u00a0psychischer Gesundheit&#8220; ( 2024, 42 Min)Gef\u00f6rdert von derGuzzoni-Federer Stiftung (Freiburg)Freie Produktion &#8222;&#8230;bis die Gestapo kam&#8220; &nbsp;( 2020, 58 Min)Das Chinesenviertel in St.PauliGef\u00f6rdert von derLandeszentrale f\u00fcr politische Bildung Hamburg.Freie Produktion &#8222;Die Alsterdorfer Passion&#8220;&nbsp; (2018, 58 Min)Die Alsterdorfer Anstalten &nbsp;in Hamburgvon 1945 &#8211; 1979Gef\u00f6rdert von derLandeszentrale f\u00fcr politische Bildung Hamburg.Freie&#8230;<\/p>\n","protected":false},"author":1,"featured_media":0,"parent":0,"menu_order":0,"comment_status":"closed","ping_status":"closed","template":"","meta":[],"_links":{"self":[{"href":"https:\/\/www.rotermundfilm.de\/index.php?rest_route=\/wp\/v2\/pages\/203"}],"collection":[{"href":"https:\/\/www.rotermundfilm.de\/index.php?rest_route=\/wp\/v2\/pages"}],"about":[{"href":"https:\/\/www.rotermundfilm.de\/index.php?rest_route=\/wp\/v2\/types\/page"}],"author":[{"embeddable":true,"href":"https:\/\/www.rotermundfilm.de\/index.php?rest_route=\/wp\/v2\/users\/1"}],"replies":[{"embeddable":true,"href":"https:\/\/www.rotermundfilm.de\/index.php?rest_route=%2Fwp%2Fv2%2Fcomments&post=203"}],"version-history":[{"count":97,"href":"https:\/\/www.rotermundfilm.de\/index.php?rest_route=\/wp\/v2\/pages\/203\/revisions"}],"predecessor-version":[{"id":1201,"href":"https:\/\/www.rotermundfilm.de\/index.php?rest_route=\/wp\/v2\/pages\/203\/revisions\/1201"}],"wp:attachment":[{"href":"https:\/\/www.rotermundfilm.de\/index.php?rest_route=%2Fwp%2Fv2%2Fmedia&parent=203"}],"curies":[{"name":"wp","href":"https:\/\/api.w.org\/{rel}","templated":true}]}}