{"id":1088,"date":"2024-03-03T18:59:53","date_gmt":"2024-03-03T18:59:53","guid":{"rendered":"https:\/\/www.rotermundfilm.de\/?page_id=1088"},"modified":"2024-12-04T12:13:43","modified_gmt":"2024-12-04T12:13:43","slug":"bindung","status":"publish","type":"page","link":"https:\/\/www.rotermundfilm.de\/?page_id=1088","title":{"rendered":"Bindung"},"content":{"rendered":"\n<p class=\"has-text-align-center\" style=\"font-size:50px\"><strong>Bindung &#8211; der Schl\u00fcssel zu psychischer Gesundheit<\/strong><\/p>\n\n\n\n<p class=\"has-text-align-center\" style=\"font-size:30px\"><strong>Ein Pl\u00e4doyer f\u00fcr mehr Bindung\u00a0in der Psychotherapie<\/strong> (42 Minuten)<\/p>\n\n\n\n<div><iframe src=\"https:\/\/player.vimeo.com\/video\/1020947794?badge=0&amp;autopause=0&amp;player_id=0&amp;app_id=58479\" frameborder=\"0\" allow=\"autoplay; fullscreen; picture-in-picture; clipboard-write\" style=\"position:absolute;top:0;left:0;width:100%;height:100%;\" title=\"Trailer: Bindung-der Schl\u00fcssel zu psychischer Gesundheit\"><\/iframe><\/div><script src=\"https:\/\/player.vimeo.com\/api\/player.js\"><\/script>\n\n\n\n<p><br>Ein dokumentarischer Film, der die transformative Kraft emotionaler Bindungen auf die menschliche Psyche beleuchtet. Es ist ein pers\u00f6nlicher Film durch die authentisch gef\u00fchrten Gespr\u00e4che der Therapeutin, die zugleich Ideengeberin des Films ist, mit einer jungen Mutter, einer Therapeutin und einem Klienten, zeigt der Film klar und behutsam, wie tiefgreifend \u201etherapeutische Allianz\u201c die erfolgreiche Wirkung von Psychotherapie beeinflussen kann. Einf\u00fchlsam bringt der Film zum Vorschein, wie das biologische Prinzip Bindung als Fundament f\u00fcr emotionale Gesundung und Resilienz dient.<\/p>\n\n\n\n<p class=\"has-text-align-left\"><\/p>\n\n\n\n<h4><strong>Dieser Film kann per E-Mail \u00fcber <a href=\"mailto:info@rotermundfilm.de\">info@rotermundfilm.de<\/a> <\/strong><br><strong>f\u00fcr eine Veranstaltung ausgeliehen werden.<br><\/strong><br><\/h4>\n\n\n\n<p><\/p>\n\n\n\n<p><\/p>\n\n\n\n<p><strong>Hier noch ein paar Stimmen zum Film:<\/strong><\/p>\n\n\n\n<p>&#8222;Alexandra Rotermund-Federer findet in Ihrem ersten Film eine gro\u00dfartige Rahmung f\u00fcr aktuelle Erkenntnisse der Neurobiologie und&nbsp;Therapieforschung. Mit eing\u00e4ngigen und ber\u00fchrenden Bildern wird der eigentliche Zauber einer wirkungsvollen Psychotherapie offenbart. Beeindruckend und sehr gelungen!&#8220;<\/p>\n\n\n\n<p>\u201eBindung &#8211; der Schl\u00fcssel zu psychischer Gesundheit, Alexandra Rotermund-Federer hat dazu einen wunderbaren Film gedreht, der ber\u00fchrt und zum Nachdenken \u00fcber die eigenen und therapeutischen Bindungen anregt. Wie tief sind unsere eigenen Bindungen und welche Ressourcen k\u00f6nnen \u00fcber eine ausreichend gute Bindung freigesetzt werden?\u201c<\/p>\n\n\n\n<p>\u201e(&#8230;) Der Film hat mich sehr eingefangen. Es kam viel W\u00e4rme, N\u00e4he, Wertsch\u00e4tzung, Zuverl\u00e4ssiges, Annehmendes r\u00fcber. Sch\u00f6n. Unaufgeregt. Mit sch\u00f6ner Musik und sch\u00f6nen Bildern. (&#8230;) In der heutigen Zeit ist die Therapiemethode so wichtig wie nie in diesen digitalen Zeiten, gepr\u00e4gt von schlechten Nachrichten, K\u00e4lte, Unverbindlichkeit in Bindungen\/Beziehungen, Distanz.\u201c<br><br>&#8222;Was f\u00fcr ein z\u00e4rtlicher Film!&#8220;<\/p>\n\n\n\n<p>\u201e(&#8230;) F\u00fcr die interviewten Therapeut:innen und deren Klient:innen ist Bindung als Methode in der Therapie ein \u201eGame Changer\u201c&#8230;<\/p>\n\n\n\n<p>&#8222;Das sage ich nicht nur als jemand, der den Film gesehen hat, sondern auch als jemand, der das Gl\u00fcck hat, diese Methode seit einiger Zeit zu erleben und dadurch mehr Autonomie und Kraft und Liebe in mir entdeckt zu haben, als in diversen Psychotherapien und Coachings zuvor.\u201c&nbsp;<\/p>\n\n\n\n<p>\u201eDer Film ber\u00fchrt sehr durch das mit Empfinden k\u00f6nnen von Vertrauen und Zufriedenheit im sicheren Raum von Bindung zwischen Mutter und Kind (&#8230;) ebenso gut nachvollziehbar, wie ein sicherer Bindungsraum als Grundlage f\u00fcr Entwicklung und Heilung im therapeutischen Setting unerl\u00e4sslich ist.\u201c&nbsp;<\/p>\n\n\n\n<p>\u201eRuhig, klar, nah dran. Das w\u00e4ren die ausschlaggebenden 3 Worte, die mir f\u00fcr den Film von Alexandra und Bertram Rotermund einfallen.\u201c&nbsp;<\/p>\n\n\n\n<p>\u201e(&#8230;) Bindung ist intensiver, geht weiter als wir uns das oft vorstellen k\u00f6nnen, gepr\u00e4gte und neue Bindung.&nbsp;Der Film zeigt auf sowohl in der Klienten-Arbeit als auch \u00fcber Betroffenen-Aussagen, was Ber\u00fchrung in Verbindung mit Gespr\u00e4ch kann.&nbsp;Oft habe ich selbst in der Arbeit wahrnehmen k\u00f6nnen und gesp\u00fcrt, wie sich \u00fcber die Ber\u00fchrung mein Herz zu mir und f\u00fcr andere wieder \u00f6ffnen kann.\u201c&nbsp;<\/p>\n\n\n\n<p>\u201eIch fand den Film sehr anregend, er hat den Zuschauenden eine N\u00e4he dargebracht, die durch die drei wundervoll gew\u00e4hlten Protagonist:innen hervorgehoben wurde, es hat sich eine Verbundenheit aufgebaut &#8211; somit wurde es sehr gef\u00fchlvoll und man wurde mitgerissen, um auch eine Idee aufkommen zu lassen, was es mit einem selber machen w\u00fcrde.\u201c&nbsp;<br><br>\u201eDas war ein ganz tolles und ber\u00fchrendes Erlebnis heute in deinem gro\u00dfen Kreise deinen Film anzuschauen. Die Bilder und Eindr\u00fccke haben mich noch den ganzen Tag besch\u00e4ftigt &#8211; es war eine in ihrer Direktheit und \u201eSchlichtheit\u201c sehr eindr\u00fcckliche und wirkungsstarke Umsetzung des Themas. Ganz gro\u00dfartig.\u201c<\/p>\n\n\n\n<p>\u201eBer\u00fchrend. Nah. Echt. Eine Essenz. Durch die Reduktion der filmischen Mittel ist die Bedeutung von Bindung f\u00fcr mich tief sp\u00fcrbar.\u201c<br><br>&#8222;Tolle Bilder, wundersch\u00f6ne Musik. beeindruckende Protagonist: innen &#8211; Alexandra R-F ist es in diesem wundersch\u00f6nen dokumentarisch angelegten Film gelungen, Empathie, Resonanz und Ber\u00fchrung nicht nur sichtbar, sondern vor allen Dingen auch sp\u00fcrbar werden zu lassen! Gro\u00dfartig, vielen Dank. Wir warten gespannt auf eine Fortsetzung!&nbsp;&#8222;<\/p>\n\n\n\n<p><\/p>\n\n\n\n<p><\/p>\n\n\n\n<p><\/p>\n\n\n\n<p><\/p>\n\n\n\n<p><\/p>\n\n\n\n<p><\/p>\n\n\n\n<p>\u00a9 Rotermundfilm 2024<\/p>\n\n\n\n<p><\/p>\n\n\n\n<p><\/p>\n","protected":false},"excerpt":{"rendered":"<p>Bindung &#8211; der Schl\u00fcssel zu psychischer Gesundheit Ein Pl\u00e4doyer f\u00fcr mehr Bindung\u00a0in der Psychotherapie (42 Minuten) Ein dokumentarischer Film, der die transformative Kraft emotionaler Bindungen auf die menschliche Psyche beleuchtet. Es ist ein pers\u00f6nlicher Film durch die authentisch gef\u00fchrten Gespr\u00e4che der Therapeutin, die zugleich Ideengeberin des Films ist, mit einer jungen Mutter, einer Therapeutin und&#8230;<\/p>\n","protected":false},"author":1,"featured_media":0,"parent":0,"menu_order":0,"comment_status":"closed","ping_status":"closed","template":"","meta":[],"_links":{"self":[{"href":"https:\/\/www.rotermundfilm.de\/index.php?rest_route=\/wp\/v2\/pages\/1088"}],"collection":[{"href":"https:\/\/www.rotermundfilm.de\/index.php?rest_route=\/wp\/v2\/pages"}],"about":[{"href":"https:\/\/www.rotermundfilm.de\/index.php?rest_route=\/wp\/v2\/types\/page"}],"author":[{"embeddable":true,"href":"https:\/\/www.rotermundfilm.de\/index.php?rest_route=\/wp\/v2\/users\/1"}],"replies":[{"embeddable":true,"href":"https:\/\/www.rotermundfilm.de\/index.php?rest_route=%2Fwp%2Fv2%2Fcomments&post=1088"}],"version-history":[{"count":35,"href":"https:\/\/www.rotermundfilm.de\/index.php?rest_route=\/wp\/v2\/pages\/1088\/revisions"}],"predecessor-version":[{"id":1200,"href":"https:\/\/www.rotermundfilm.de\/index.php?rest_route=\/wp\/v2\/pages\/1088\/revisions\/1200"}],"wp:attachment":[{"href":"https:\/\/www.rotermundfilm.de\/index.php?rest_route=%2Fwp%2Fv2%2Fmedia&parent=1088"}],"curies":[{"name":"wp","href":"https:\/\/api.w.org\/{rel}","templated":true}]}}